{"id":25,"date":"2017-05-17T20:05:52","date_gmt":"2017-05-17T20:05:52","guid":{"rendered":"http:\/\/alpertaskaldiran.com\/?page_id=25"},"modified":"2021-04-16T10:46:55","modified_gmt":"2021-04-16T10:46:55","slug":"iletisim","status":"publish","type":"page","link":"https:\/\/alpertaskaldiran.com\/en\/iletisim\/","title":{"rendered":"Contact"},"content":{"rendered":"<p>[vc_section full_width=&#8221;stretch_row&#8221;][vc_row content_placement=&#8221;top&#8221;][vc_column offset=&#8221;vc_col-lg-4 vc_col-md-6&#8243;]<div class=\"heading  default align-left color-black transform-default icon-type-hidden   vc_custom_1607416789917 heading-tag-h4\" id=\"like_sc_header_1659637374\"><h4 class=\"header ltx-sr-id-like_sc_header_16596373741516594735 ltx-sr ltx-sr-effect-fade_in ltx-sr-el-block ltx-sr-delay-0 ltx-sr-duration-1000 ltx-sr-sequences-0\">Dentalp A\u011f\u0131z Ve Di\u015f Sa\u011fl\u0131\u011f\u0131 Klini\u011fi<\/h4><\/div>[vc_column_text]Kavakl\u0131dere Mahallesi. Atayurt \u0130\u015f Merkezi Atat\u00fcrk Blv. No:169 Tunus Cad. No:10 Kat:3 Daire 40 \u00c7ankaya, Ankara<\/p>\n<p>info@alpertaskaldiran.com[\/vc_column_text]<div class=\"align-default\"><ul class=\"social-big bg-main  icon-weight-bold\" id=\"like_sc_header_1786358576\"><li><a href=\"https:\/\/www.facebook.com\/profile.php?id=100043918401066\" class=\"ltx-social-color fab fa-facebook-f\"><\/a><\/li><li><a href=\"https:\/\/www.instagram.com\/taskaldiranalper\/\" class=\"ltx-social-color fab fa-instagram\"><\/a><\/li><\/ul><\/div>[\/vc_column][vc_column css=&#8221;.vc_custom_1518129269758{margin-top: 0px !important;padding-top: 0px !important;background-image: url(http:\/\/alpertaskaldiran.com\/wp-content\/uploads\/2017\/05\/contact-bg.png?id=2234) !important;background-position: center !important;background-repeat: no-repeat !important;background-size: cover !important;}&#8221; offset=&#8221;vc_col-lg-4 vc_col-md-6&#8243;]<div class=\"es-resp\">\t<div class=\"visible-xl\" style=\"height: 0px;\"><\/div>\t<div class=\"hidden-xl hidden-md hidden-sm hidden-ms hidden-xs\" style=\"height: 0px;\"><\/div>\t<div class=\"visible-md\" style=\"height: 0px;\"><\/div>\t<div class=\"visible-sm\" style=\"height: 48px;\"><\/div>\t<div class=\"visible-ms\" style=\"height: 48px;\"><\/div>\t<div class=\"visible-xs\" style=\"height: 48px;\"><\/div><\/div><div class=\"heading  default align-left color-black subcolor-main transform-default icon-type-hidden   vc_custom_1607416829142 heading-tag-h4\" id=\"like_sc_header_244898173\"><h4 class=\"header ltx-sr-id-like_sc_header_2448981731966519529 ltx-sr ltx-sr-effect-fade_in ltx-sr-el-block ltx-sr-delay-0 ltx-sr-duration-1000 ltx-sr-sequences-0\">\u00c7al\u0131\u015fma Saatleri<\/h4><\/div>[vc_column_text]<span class=\"line-height-2\"><strong>Pazartesi:<\/strong> 9:00 &#8211; 18:00<br \/>\n<strong>Sal\u0131:<\/strong> 9:00 &#8211; 18:00<br \/>\n<strong>\u00c7ar\u015famba:<\/strong> 9:00 &#8211; 18:00<br \/>\n<strong>Per\u015fembe:<\/strong> 9:00 &#8211; 18:00<br \/>\n<strong>Cuma:<\/strong> 9:00 &#8211; 18:00<br \/>\n<strong>Cumartesi:<\/strong> 9:00 &#8211; 18:00<br \/>\n<strong>Pazar:<\/strong> Kapal\u0131<br \/>\n<\/span>[\/vc_column_text]<div class=\"es-resp\">\t<div class=\"hidden-xl hidden-md hidden-sm hidden-ms hidden-xs\" style=\"height: 28px;\"><\/div>\t<div class=\"visible-md\" style=\"height: 28px;\"><\/div>\t<div class=\"visible-sm\" style=\"height: 28px;\"><\/div>\t<div class=\"visible-ms\" style=\"height: 28px;\"><\/div>\t<div class=\"visible-xs\" style=\"height: 28px;\"><\/div><\/div>[\/vc_column][vc_column offset=&#8221;vc_col-lg-4 vc_col-md-12&#8243;]<div class=\"es-resp\">\t<div class=\"visible-xl\" style=\"height: 0px;\"><\/div>\t<div class=\"hidden-xl hidden-md hidden-sm hidden-ms hidden-xs\" style=\"height: 0px;\"><\/div>\t<div class=\"visible-md\" style=\"height: 16px;\"><\/div>\t<div class=\"visible-sm\" style=\"height: 16px;\"><\/div>\t<div class=\"visible-ms\" style=\"height: 16px;\"><\/div>\t<div class=\"visible-xs\" style=\"height: 32px;\"><\/div><\/div><div class=\"ltx-contact-form-7 transform-default form-center form-gray form-bg-gray form-style-default form-btn-default form-btn-default form-padding-default    vc_custom_1526907539863\" id=\"like_sc_contact_form_7_437310858\"><div role=\"form\" class=\"wpcf7\" id=\"wpcf7-f1555-o1\" lang=\"en-US\" dir=\"ltr\">\n<div class=\"screen-reader-response\"><p role=\"status\" aria-live=\"polite\" aria-atomic=\"true\"><\/p> <ul><\/ul><\/div>\n<form action=\"\/en\/wp-json\/wp\/v2\/pages\/25#wpcf7-f1555-o1\" method=\"post\" class=\"wpcf7-form init\" novalidate=\"novalidate\" data-status=\"init\" data-trp-original-action=\"\/en\/wp-json\/wp\/v2\/pages\/25#wpcf7-f1555-o1\">\n<div style=\"display: none;\">\n<input type=\"hidden\" name=\"_wpcf7\" value=\"1555\" \/>\n<input type=\"hidden\" name=\"_wpcf7_version\" value=\"5.3\" \/>\n<input type=\"hidden\" name=\"_wpcf7_locale\" value=\"en_US\" \/>\n<input type=\"hidden\" name=\"_wpcf7_unit_tag\" value=\"wpcf7-f1555-o1\" \/>\n<input type=\"hidden\" name=\"_wpcf7_container_post\" value=\"0\" \/>\n<input type=\"hidden\" name=\"_wpcf7_posted_data_hash\" value=\"\" \/>\n<\/div>\n<p><span class=\"wpcf7-form-control-wrap field-header\"><input type=\"text\" name=\"field-header\" value=\"\" size=\"40\" class=\"wpcf7-form-control wpcf7-text wpcf7-validates-as-required\" aria-required=\"true\" aria-invalid=\"false\" placeholder=\"Ad\u0131n\u0131z Soyad\u0131n\u0131z\" \/><\/span><\/p>\n<p><span class=\"wpcf7-form-control-wrap field-header2\"><input type=\"text\" name=\"field-header2\" value=\"\" size=\"40\" class=\"wpcf7-form-control wpcf7-text wpcf7-validates-as-required\" aria-required=\"true\" aria-invalid=\"false\" placeholder=\"Email Adresiniz\" \/><\/span><\/p>\n<p><span class=\"wpcf7-form-control-wrap field-header-3\"><textarea name=\"field-header-3\" cols=\"40\" rows=\"10\" class=\"wpcf7-form-control wpcf7-textarea\" aria-invalid=\"false\" placeholder=\"Mesaj\u0131n\u0131z\"><\/textarea><\/span><\/p>\n<p><input type=\"submit\" value=\"Send\" class=\"wpcf7-form-control wpcf7-submit\" \/><\/p>\n<div class=\"wpcf7-response-output\" aria-hidden=\"true\"><\/div><input type=\"hidden\" name=\"trp-form-language\" value=\"en\"\/><\/form><\/div><\/div>[\/vc_column][\/vc_row][vc_row][vc_column][vc_empty_space height=&#8221;72&#8243;][\/vc_column][\/vc_row][\/vc_section][vc_row full_width=&#8221;stretch_row_content_no_spaces&#8221; css=&#8221;.vc_custom_1538478005860{margin-bottom: -60px !important;}&#8221;][vc_column][vc_raw_html]JTNDaWZyYW1lJTIwc3JjJTNEJTIyaHR0cHMlM0ElMkYlMkZ3d3cuZ29vZ2xlLmNvbSUyRm1hcHMlMkZlbWJlZCUzRnBiJTNEJTIxMW0xOCUyMTFtMTIlMjExbTMlMjExZDMwNjAuMzA5NTc2Njk3NjI4NSUyMTJkMzIuODUyOTk4NjY1MDg5NTklMjEzZDM5LjkxMjA4Nzc3OTQyNjk2JTIxMm0zJTIxMWYwJTIxMmYwJTIxM2YwJTIxM20yJTIxMWkxMDI0JTIxMmk3NjglMjE0ZjEzLjElMjEzbTMlMjExbTIlMjExczB4MTRkMzRmYTdkZGUzMTk3NSUyNTNBMHgyZTM5MWU3ZWQ2MjlmZTVjJTIxMnpRVlJCV1ZWU1ZDREVzTVdlSUUxRlVrdEZXc1N3JTIxNWUwJTIxM20yJTIxMXNlbiUyMTJzdHIlMjE0djE2MDc0MTY5ODA5MjUlMjE1bTIlMjExc2VuJTIxMnN0ciUyMiUyMHdpZHRoJTNEJTIyMTAwJTI1JTIyJTIwaGVpZ2h0JTNEJTIyNDUwJTIyJTIwZnJhbWVib3JkZXIlM0QlMjIwJTIyJTIwc3R5bGUlM0QlMjJib3JkZXIlM0EwJTNCJTIyJTIwYWxsb3dmdWxsc2NyZWVuJTNEJTIyJTIyJTIwYXJpYS1oaWRkZW4lM0QlMjJmYWxzZSUyMiUyMHRhYmluZGV4JTNEJTIyMCUyMiUzRSUzQyUyRmlmcmFtZSUzRQ==[\/vc_raw_html][\/vc_column][\/vc_row]<\/p>","protected":false},"excerpt":{"rendered":"<p>[vc_section full_width=&#8221;stretch_row&#8221;][vc_row content_placement=&#8221;top&#8221;][vc_column offset=&#8221;vc_col-lg-4 vc_col-md-6&#8243;][vc_column_text]Kavakl\u0131dere Mahallesi. Atayurt \u0130\u015f Merkezi Atat\u00fcrk Blv. No:169 Tunus Cad. No:10 Kat:3 Daire 40 \u00c7ankaya, Ankara info@alpertaskaldiran.com[\/vc_column_text][\/vc_column][vc_column css=&#8221;.vc_custom_1518129269758{margin-top: 0px !important;padding-top: 0px !important;background-image: url(http:\/\/alpertaskaldiran.com\/wp-content\/uploads\/2017\/05\/contact-bg.png?id=2234) !important;background-position: center !important;background-repeat: no-repeat !important;background-size: cover !important;}&#8221; offset=&#8221;vc_col-lg-4 vc_col-md-6&#8243;][vc_column_text]Pazartesi: 9:00 &#8211; 18:00 Sal\u0131: 9:00 &#8211; 18:00 \u00c7ar\u015famba: 9:00 &#8211; 18:00 Per\u015fembe: 9:00 &#8211; 18:00 Cuma: 9:00 &#8211; 18:00 Cumartesi: 9:00 &#8211; 18:00 Pazar: Kapal\u0131 [\/vc_column_text][\/vc_column][vc_column offset=&#8221;vc_col-lg-4 vc_col-md-12&#8243;][\/vc_column][\/vc_row][vc_row][vc_column][vc_empty_space height=&#8221;72&#8243;][\/vc_column][\/vc_row][\/vc_section][vc_row full_width=&#8221;stretch_row_content_no_spaces&#8221; css=&#8221;.vc_custom_1538478005860{margin-bottom: -60px !important;}&#8221;][vc_column][vc_raw_html]JTNDaWZyYW1lJTIwc3JjJTNEJTIyaHR0cHMlM0ElMkYlMkZ3d3cuZ29vZ2xlLmNvbSUyRm1hcHMlMkZlbWJlZCUzRnBiJTNEJTIxMW0xOCUyMTFtMTIlMjExbTMlMjExZDMwNjAuMzA5NTc2Njk3NjI4NSUyMTJkMzIuODUyOTk4NjY1MDg5NTklMjEzZDM5LjkxMjA4Nzc3OTQyNjk2JTIxMm0zJTIxMWYwJTIxMmYwJTIxM2YwJTIxM20yJTIxMWkxMDI0JTIxMmk3NjglMjE0ZjEzLjElMjEzbTMlMjExbTIlMjExczB4MTRkMzRmYTdkZGUzMTk3NSUyNTNBMHgyZTM5MWU3ZWQ2MjlmZTVjJTIxMnpRVlJCV1ZWU1ZDREVzTVdlSUUxRlVrdEZXc1N3JTIxNWUwJTIxM20yJTIxMXNlbiUyMTJzdHIlMjE0djE2MDc0MTY5ODA5MjUlMjE1bTIlMjExc2VuJTIxMnN0ciUyMiUyMHdpZHRoJTNEJTIyMTAwJTI1JTIyJTIwaGVpZ2h0JTNEJTIyNDUwJTIyJTIwZnJhbWVib3JkZXIlM0QlMjIwJTIyJTIwc3R5bGUlM0QlMjJib3JkZXIlM0EwJTNCJTIyJTIwYWxsb3dmdWxsc2NyZWVuJTNEJTIyJTIyJTIwYXJpYS1oaWRkZW4lM0QlMjJmYWxzZSUyMiUyMHRhYmluZGV4JTNEJTIyMCUyMiUzRSUzQyUyRmlmcmFtZSUzRQ==[\/vc_raw_html][\/vc_column][\/vc_row]<\/p>","protected":false},"author":1,"featured_media":0,"parent":0,"menu_order":0,"comment_status":"closed","ping_status":"closed","template":"","meta":[],"_links":{"self":[{"href":"https:\/\/alpertaskaldiran.com\/en\/wp-json\/wp\/v2\/pages\/25"}],"collection":[{"href":"https:\/\/alpertaskaldiran.com\/en\/wp-json\/wp\/v2\/pages"}],"about":[{"href":"https:\/\/alpertaskaldiran.com\/en\/wp-json\/wp\/v2\/types\/page"}],"author":[{"embeddable":true,"href":"https:\/\/alpertaskaldiran.com\/en\/wp-json\/wp\/v2\/users\/1"}],"replies":[{"embeddable":true,"href":"https:\/\/alpertaskaldiran.com\/en\/wp-json\/wp\/v2\/comments?post=25"}],"version-history":[{"count":12,"href":"https:\/\/alpertaskaldiran.com\/en\/wp-json\/wp\/v2\/pages\/25\/revisions"}],"predecessor-version":[{"id":7303,"href":"https:\/\/alpertaskaldiran.com\/en\/wp-json\/wp\/v2\/pages\/25\/revisions\/7303"}],"wp:attachment":[{"href":"https:\/\/alpertaskaldiran.com\/en\/wp-json\/wp\/v2\/media?parent=25"}],"curies":[{"name":"wp","href":"https:\/\/api.w.org\/{rel}","templated":true}]}}