{"id":6157,"date":"2018-10-02T23:48:05","date_gmt":"2018-10-02T23:48:05","guid":{"rendered":"http:\/\/alpertaskaldiran.com\/?page_id=6157"},"modified":"2021-02-06T12:23:30","modified_gmt":"2021-02-06T12:23:30","slug":"hakkimizda","status":"publish","type":"page","link":"https:\/\/alpertaskaldiran.com\/en\/hakkimizda\/","title":{"rendered":"About us"},"content":{"rendered":"<p>[vc_section text_align=&#8221;center-md-sm-ms&#8221;][vc_row][vc_column]<div class=\"es-resp\">\t<div class=\"visible-xl\" style=\"height: 64px;\"><\/div>\t<div class=\"hidden-xl hidden-md hidden-sm hidden-ms hidden-xs\" style=\"height: 64px;\"><\/div>\t<div class=\"visible-md\" style=\"height: 32px;\"><\/div>\t<div class=\"visible-sm\" style=\"height: 32px;\"><\/div>\t<div class=\"visible-ms\" style=\"height: 32px;\"><\/div>\t<div class=\"visible-xs\" style=\"height: 32px;\"><\/div><\/div>[\/vc_column][\/vc_row][vc_row][vc_column text_align=&#8221;center-md-sm-ms&#8221; offset=&#8221;vc_col-lg-6&#8243;]<div class=\"heading  default align-left color-black subcolor-main transform-default icon-type-hidden heading-tag-h2\" id=\"like_sc_header_495745258\"><h2 class=\"header ltx-sr-id-like_sc_header_495745258413475832 ltx-sr ltx-sr-effect-fade_in ltx-sr-el-block ltx-sr-delay-0 ltx-sr-duration-1000 ltx-sr-sequences-0\">About us<\/h2><\/div><div class=\"ltx-content-width col-align-left\" id=\"like_sc_content_width_583370283\" style=\"max-width: 620px\"><div class=\"ltx-wrapper\">[vc_single_image image=&#8221;7070&#8243; img_size=&#8221;full&#8221;]<\/div><\/div><div class=\"es-resp\">\t<div class=\"visible-xl\" style=\"height: 24px;\"><\/div>\t<div class=\"hidden-xl hidden-md hidden-sm hidden-ms hidden-xs\" style=\"height: 24px;\"><\/div>\t<div class=\"visible-md\" style=\"height: 24px;\"><\/div>\t<div class=\"visible-sm\" style=\"height: 24px;\"><\/div>\t<div class=\"visible-ms\" style=\"height: 24px;\"><\/div>\t<div class=\"visible-xs\" style=\"height: 24px;\"><\/div><\/div>[\/vc_column][vc_column offset=&#8221;vc_col-lg-6&#8243;][vc_column_text]Ankara Dentalp A\u011f\u0131z ve Di\u015f sa\u011fl\u0131\u011f\u0131 klini\u011fi, A\u011f\u0131z, Di\u015f ve \u00c7ene Cerrahisi Uzman\u0131 Alper Ta\u015fkald\u0131ran taraf\u0131ndan kurulmu\u015ftur. Klini\u011fimiz Ankara\u2019 n\u0131n merkezinde Atat\u00fcrk Bulvar\u0131, Tunus caddesi ve Akay kav\u015faklar\u0131n\u0131n kesi\u015fiminde Atayurt \u0130\u015f Merkezinde bulunmaktad\u0131r. Klini\u011fimiz K\u0131z\u0131lay metro istasyonuna 500m. bakanl\u0131klar otob\u00fcs duraklar\u0131na 300m. mesafededir. Tunus caddesi \u00fczerinde geni\u015f ve hesapl\u0131 otoparklar klini\u011fimize 50m. mesafededir. Toplu ta\u015f\u0131ma ile klini\u011fimize gelecek hastalar\u0131m\u0131z\u0131n Atat\u00fcrk Bulvar\u0131 169\/40 numaral\u0131 giri\u015fimizi kullanmalar\u0131n\u0131 \u00f6zel ara\u00e7lar\u0131 ile klini\u011fimize gelecek hastalar\u0131m\u0131z\u0131n Tunus caddesi 10\/40 numaral\u0131 giri\u015fimizi kullanmalar\u0131n\u0131 \u00f6neririz.<\/p>\n<p>Uzm. Dt. Alper TA\u015eKALDIRAN<\/p>\n<p>(A\u011f\u0131z, Di\u015f ve \u00c7ene Cerrahisi Uzman\u0131)<\/p>\n<p>1985 Y\u0131l\u0131nda \u00c7orum\u2019 da do\u011fdum. \u0130lk, orta ve lise e\u011fitimimi \u00c7orum\u2019da s\u0131ras\u0131yla Zafer \u0130lkokulu, \u00c7orum Anadolu Lisesi, \u00c7orum Fen Lisesi, \u00c7orum Atat\u00fcrk Lisesinde tamamlad\u0131m. 2003 y\u0131l\u0131nda Ankara \u00dcniversitesi Di\u015f Hekimli\u011fi Fak\u00fcltesinde ba\u015flad\u0131\u011f\u0131m di\u015f hekimli\u011fi e\u011fitimini 2008 y\u0131l\u0131nda tamamlad\u0131m. Ayn\u0131 y\u0131l K\u0131r\u0131kkale \u00dcniversitesi Di\u015f Hekimli\u011fi Fak\u00fcltesi A\u011f\u0131z, Di\u015f ve \u00c7ene Cerrahisi Anabilim Dal\u0131nda uzmanl\u0131k e\u011fitimine ba\u015flad\u0131m. Trombositten Zengin Plazma ve Trombositten Zengin Fibrin yap\u0131lar\u0131n\u0131n kemik iyile\u015fmesi \u00fczerindeki etkilerinin hayvan modelinde kar\u015f\u0131la\u015ft\u0131r\u0131lmas\u0131 isimli tezimi bitirerek, 2013 y\u0131l\u0131nda A\u011f\u0131z, Di\u015f, \u00c7ene Cerrahisi Uzman\u0131 olarak mezun oldum. Ayn\u0131 y\u0131l Balgat A\u011f\u0131z ve Di\u015f Sa\u011fl\u0131\u011f\u0131 merkezine atand\u0131m. Yedi y\u0131l boyunca Balgat ADSM Cerrahi klini\u011finde \u00e7al\u0131\u015ft\u0131m. 2020 y\u0131l\u0131 ba\u015f\u0131ndan itibaren Ankara Kavakl\u0131dere, Atat\u00fcrk Bulvar\u0131ndaki klini\u011fimde \u00e7al\u0131\u015fmaktay\u0131m.[\/vc_column_text][\/vc_column][\/vc_row][vc_row][vc_column]<div class=\"gallery-sc\"><div class=\"items\"><div class=\"row centered\">\t\t<div class=\"col-lg-5ths col-md-5ths col-sm-5ths col-ms-4 col-xs-6\">\n\t\t<div class=\"item\">\n\t\t\t<a href=\"\/\/alpertaskaldiran.com\/en\/wp-content\/uploads\/2018\/11\/IMG_6994-scaled.jpg\/\" class=\"swipebox photo\">\n\t\t\t\t<img width=\"755\" height=\"500\" src=\"https:\/\/alpertaskaldiran.com\/wp-content\/uploads\/2018\/11\/IMG_6994-755x500.jpg\" class=\"attachment-holamed-gallery size-holamed-gallery\" alt=\"\" loading=\"lazy\" srcset=\"https:\/\/alpertaskaldiran.com\/wp-content\/uploads\/2018\/11\/IMG_6994-755x500.jpg 755w, https:\/\/alpertaskaldiran.com\/wp-content\/uploads\/2018\/11\/IMG_6994-300x200.jpg 300w, https:\/\/alpertaskaldiran.com\/wp-content\/uploads\/2018\/11\/IMG_6994-128x84.jpg 128w, https:\/\/alpertaskaldiran.com\/wp-content\/uploads\/2018\/11\/IMG_6994-125x83.jpg 125w\" sizes=\"(max-width: 755px) 100vw, 755px\" \/><span class=\"fa fa-search\"><\/span>\n\t\t\t<\/a>\n\t\t<\/div>\n\t<\/div>\n\t\t<div class=\"col-lg-5ths col-md-5ths col-sm-5ths col-ms-4 col-xs-6\">\n\t\t<div class=\"item\">\n\t\t\t<a href=\"\/\/alpertaskaldiran.com\/en\/wp-content\/uploads\/2018\/11\/IMG_6995-scaled.jpg\/\" class=\"swipebox photo\">\n\t\t\t\t<img width=\"755\" height=\"500\" src=\"https:\/\/alpertaskaldiran.com\/wp-content\/uploads\/2018\/11\/IMG_6995-755x500.jpg\" class=\"attachment-holamed-gallery size-holamed-gallery\" alt=\"\" loading=\"lazy\" srcset=\"https:\/\/alpertaskaldiran.com\/wp-content\/uploads\/2018\/11\/IMG_6995-755x500.jpg 755w, https:\/\/alpertaskaldiran.com\/wp-content\/uploads\/2018\/11\/IMG_6995-300x200.jpg 300w, https:\/\/alpertaskaldiran.com\/wp-content\/uploads\/2018\/11\/IMG_6995-128x84.jpg 128w, https:\/\/alpertaskaldiran.com\/wp-content\/uploads\/2018\/11\/IMG_6995-125x83.jpg 125w\" sizes=\"(max-width: 755px) 100vw, 755px\" \/><span class=\"fa fa-search\"><\/span>\n\t\t\t<\/a>\n\t\t<\/div>\n\t<\/div>\n\t\t<div class=\"col-lg-5ths col-md-5ths col-sm-5ths col-ms-4 col-xs-6\">\n\t\t<div class=\"item\">\n\t\t\t<a href=\"\/\/alpertaskaldiran.com\/en\/wp-content\/uploads\/2018\/11\/IMG_6996-scaled.jpg\/\" class=\"swipebox photo\">\n\t\t\t\t<img width=\"755\" height=\"500\" src=\"https:\/\/alpertaskaldiran.com\/wp-content\/uploads\/2018\/11\/IMG_6996-755x500.jpg\" class=\"attachment-holamed-gallery size-holamed-gallery\" alt=\"\" loading=\"lazy\" srcset=\"https:\/\/alpertaskaldiran.com\/wp-content\/uploads\/2018\/11\/IMG_6996-755x500.jpg 755w, https:\/\/alpertaskaldiran.com\/wp-content\/uploads\/2018\/11\/IMG_6996-300x200.jpg 300w, https:\/\/alpertaskaldiran.com\/wp-content\/uploads\/2018\/11\/IMG_6996-128x84.jpg 128w, https:\/\/alpertaskaldiran.com\/wp-content\/uploads\/2018\/11\/IMG_6996-125x83.jpg 125w\" sizes=\"(max-width: 755px) 100vw, 755px\" \/><span class=\"fa fa-search\"><\/span>\n\t\t\t<\/a>\n\t\t<\/div>\n\t<\/div>\n\t\t<div class=\"col-lg-5ths col-md-5ths col-sm-5ths col-ms-4 col-xs-6\">\n\t\t<div class=\"item\">\n\t\t\t<a href=\"\/\/alpertaskaldiran.com\/en\/wp-content\/uploads\/2018\/11\/IMG_7007-scaled.jpg\/\" class=\"swipebox photo\">\n\t\t\t\t<img width=\"755\" height=\"500\" src=\"https:\/\/alpertaskaldiran.com\/wp-content\/uploads\/2018\/11\/IMG_7007-755x500.jpg\" class=\"attachment-holamed-gallery size-holamed-gallery\" alt=\"\" loading=\"lazy\" srcset=\"https:\/\/alpertaskaldiran.com\/wp-content\/uploads\/2018\/11\/IMG_7007-755x500.jpg 755w, https:\/\/alpertaskaldiran.com\/wp-content\/uploads\/2018\/11\/IMG_7007-300x200.jpg 300w, https:\/\/alpertaskaldiran.com\/wp-content\/uploads\/2018\/11\/IMG_7007-128x84.jpg 128w, https:\/\/alpertaskaldiran.com\/wp-content\/uploads\/2018\/11\/IMG_7007-125x83.jpg 125w\" sizes=\"(max-width: 755px) 100vw, 755px\" \/><span class=\"fa fa-search\"><\/span>\n\t\t\t<\/a>\n\t\t<\/div>\n\t<\/div>\n\t\t<div class=\"col-lg-5ths col-md-5ths col-sm-5ths col-ms-4 col-xs-6\">\n\t\t<div class=\"item\">\n\t\t\t<a href=\"\/\/alpertaskaldiran.com\/en\/wp-content\/uploads\/2018\/11\/IMG_7167-scaled.jpg\/\" class=\"swipebox photo\">\n\t\t\t\t<img width=\"755\" height=\"500\" src=\"https:\/\/alpertaskaldiran.com\/wp-content\/uploads\/2018\/11\/IMG_7167-755x500.jpg\" class=\"attachment-holamed-gallery size-holamed-gallery\" alt=\"\" loading=\"lazy\" srcset=\"https:\/\/alpertaskaldiran.com\/wp-content\/uploads\/2018\/11\/IMG_7167-755x500.jpg 755w, https:\/\/alpertaskaldiran.com\/wp-content\/uploads\/2018\/11\/IMG_7167-300x200.jpg 300w, https:\/\/alpertaskaldiran.com\/wp-content\/uploads\/2018\/11\/IMG_7167-128x84.jpg 128w, https:\/\/alpertaskaldiran.com\/wp-content\/uploads\/2018\/11\/IMG_7167-125x83.jpg 125w\" sizes=\"(max-width: 755px) 100vw, 755px\" \/><span class=\"fa fa-search\"><\/span>\n\t\t\t<\/a>\n\t\t<\/div>\n\t<\/div>\n\t\t<div class=\"col-lg-5ths col-md-5ths col-sm-5ths col-ms-4 col-xs-6\">\n\t\t<div class=\"item\">\n\t\t\t<a href=\"\/\/alpertaskaldiran.com\/en\/wp-content\/uploads\/2018\/11\/IMG_7207-scaled.jpg\/\" class=\"swipebox photo\">\n\t\t\t\t<img width=\"755\" height=\"500\" src=\"https:\/\/alpertaskaldiran.com\/wp-content\/uploads\/2018\/11\/IMG_7207-755x500.jpg\" class=\"attachment-holamed-gallery size-holamed-gallery\" alt=\"\" loading=\"lazy\" srcset=\"https:\/\/alpertaskaldiran.com\/wp-content\/uploads\/2018\/11\/IMG_7207-755x500.jpg 755w, https:\/\/alpertaskaldiran.com\/wp-content\/uploads\/2018\/11\/IMG_7207-300x200.jpg 300w, https:\/\/alpertaskaldiran.com\/wp-content\/uploads\/2018\/11\/IMG_7207-128x84.jpg 128w, https:\/\/alpertaskaldiran.com\/wp-content\/uploads\/2018\/11\/IMG_7207-125x83.jpg 125w\" sizes=\"(max-width: 755px) 100vw, 755px\" \/><span class=\"fa fa-search\"><\/span>\n\t\t\t<\/a>\n\t\t<\/div>\n\t<\/div>\n\t\t<div class=\"col-lg-5ths col-md-5ths col-sm-5ths col-ms-4 col-xs-6\">\n\t\t<div class=\"item\">\n\t\t\t<a href=\"\/\/alpertaskaldiran.com\/en\/wp-content\/uploads\/2018\/11\/IMG_7263-scaled.jpg\/\" class=\"swipebox photo\">\n\t\t\t\t<img width=\"755\" height=\"500\" src=\"https:\/\/alpertaskaldiran.com\/wp-content\/uploads\/2018\/11\/IMG_7263-755x500.jpg\" class=\"attachment-holamed-gallery size-holamed-gallery\" alt=\"\" loading=\"lazy\" srcset=\"https:\/\/alpertaskaldiran.com\/wp-content\/uploads\/2018\/11\/IMG_7263-755x500.jpg 755w, https:\/\/alpertaskaldiran.com\/wp-content\/uploads\/2018\/11\/IMG_7263-300x200.jpg 300w, https:\/\/alpertaskaldiran.com\/wp-content\/uploads\/2018\/11\/IMG_7263-128x84.jpg 128w, https:\/\/alpertaskaldiran.com\/wp-content\/uploads\/2018\/11\/IMG_7263-125x83.jpg 125w\" sizes=\"(max-width: 755px) 100vw, 755px\" \/><span class=\"fa fa-search\"><\/span>\n\t\t\t<\/a>\n\t\t<\/div>\n\t<\/div>\n\t\t<div class=\"col-lg-5ths col-md-5ths col-sm-5ths col-ms-4 col-xs-6\">\n\t\t<div class=\"item\">\n\t\t\t<a href=\"\/\/alpertaskaldiran.com\/en\/wp-content\/uploads\/2018\/11\/IMG_7274-scaled.jpg\/\" class=\"swipebox photo\">\n\t\t\t\t<img width=\"755\" height=\"500\" src=\"https:\/\/alpertaskaldiran.com\/wp-content\/uploads\/2018\/11\/IMG_7274-755x500.jpg\" class=\"attachment-holamed-gallery size-holamed-gallery\" alt=\"\" loading=\"lazy\" srcset=\"https:\/\/alpertaskaldiran.com\/wp-content\/uploads\/2018\/11\/IMG_7274-755x500.jpg 755w, https:\/\/alpertaskaldiran.com\/wp-content\/uploads\/2018\/11\/IMG_7274-300x200.jpg 300w, https:\/\/alpertaskaldiran.com\/wp-content\/uploads\/2018\/11\/IMG_7274-128x84.jpg 128w, https:\/\/alpertaskaldiran.com\/wp-content\/uploads\/2018\/11\/IMG_7274-125x83.jpg 125w\" sizes=\"(max-width: 755px) 100vw, 755px\" \/><span class=\"fa fa-search\"><\/span>\n\t\t\t<\/a>\n\t\t<\/div>\n\t<\/div>\n\t\t<div class=\"col-lg-5ths col-md-5ths col-sm-5ths col-ms-4 col-xs-6\">\n\t\t<div class=\"item\">\n\t\t\t<a href=\"\/\/alpertaskaldiran.com\/en\/wp-content\/uploads\/2018\/11\/IMG_7271-scaled.jpg\/\" class=\"swipebox photo\">\n\t\t\t\t<img width=\"755\" height=\"500\" src=\"https:\/\/alpertaskaldiran.com\/wp-content\/uploads\/2018\/11\/IMG_7271-755x500.jpg\" class=\"attachment-holamed-gallery size-holamed-gallery\" alt=\"\" loading=\"lazy\" srcset=\"https:\/\/alpertaskaldiran.com\/wp-content\/uploads\/2018\/11\/IMG_7271-755x500.jpg 755w, https:\/\/alpertaskaldiran.com\/wp-content\/uploads\/2018\/11\/IMG_7271-300x200.jpg 300w, https:\/\/alpertaskaldiran.com\/wp-content\/uploads\/2018\/11\/IMG_7271-128x84.jpg 128w, https:\/\/alpertaskaldiran.com\/wp-content\/uploads\/2018\/11\/IMG_7271-125x83.jpg 125w\" sizes=\"(max-width: 755px) 100vw, 755px\" \/><span class=\"fa fa-search\"><\/span>\n\t\t\t<\/a>\n\t\t<\/div>\n\t<\/div>\n\t\t<div class=\"col-lg-5ths col-md-5ths col-sm-5ths col-ms-4 col-xs-6\">\n\t\t<div class=\"item\">\n\t\t\t<a href=\"\/\/alpertaskaldiran.com\/en\/wp-content\/uploads\/2018\/11\/IMG_7054-scaled.jpg\/\" class=\"swipebox photo\">\n\t\t\t\t<img width=\"755\" height=\"500\" src=\"https:\/\/alpertaskaldiran.com\/wp-content\/uploads\/2018\/11\/IMG_7054-755x500.jpg\" class=\"attachment-holamed-gallery size-holamed-gallery\" alt=\"\" loading=\"lazy\" srcset=\"https:\/\/alpertaskaldiran.com\/wp-content\/uploads\/2018\/11\/IMG_7054-755x500.jpg 755w, https:\/\/alpertaskaldiran.com\/wp-content\/uploads\/2018\/11\/IMG_7054-300x200.jpg 300w, https:\/\/alpertaskaldiran.com\/wp-content\/uploads\/2018\/11\/IMG_7054-128x84.jpg 128w, https:\/\/alpertaskaldiran.com\/wp-content\/uploads\/2018\/11\/IMG_7054-125x83.jpg 125w\" sizes=\"(max-width: 755px) 100vw, 755px\" \/><span class=\"fa fa-search\"><\/span>\n\t\t\t<\/a>\n\t\t<\/div>\n\t<\/div>\n\t\n<\/div><\/div><\/div><div class=\"es-resp\">\t<div class=\"visible-xl\" style=\"height: 56px;\"><\/div>\t<div class=\"hidden-xl hidden-md hidden-sm hidden-ms hidden-xs\" style=\"height: 56px;\"><\/div>\t<div class=\"visible-md\" style=\"height: 56px;\"><\/div>\t<div class=\"visible-sm\" style=\"height: 36px;\"><\/div>\t<div class=\"visible-ms\" style=\"height: 36px;\"><\/div>\t<div class=\"visible-xs\" style=\"height: 36px;\"><\/div><\/div>[\/vc_column][\/vc_row][\/vc_section]<\/p>","protected":false},"excerpt":{"rendered":"<p>[vc_section text_align=&#8221;center-md-sm-ms&#8221;][vc_row][vc_column][\/vc_column][\/vc_row][vc_row][vc_column text_align=&#8221;center-md-sm-ms&#8221; offset=&#8221;vc_col-lg-6&#8243;][\/vc_column][vc_column offset=&#8221;vc_col-lg-6&#8243;][vc_column_text]Ankara Dentalp A\u011f\u0131z ve Di\u015f sa\u011fl\u0131\u011f\u0131 klini\u011fi, A\u011f\u0131z, Di\u015f ve \u00c7ene Cerrahisi Uzman\u0131 Alper Ta\u015fkald\u0131ran taraf\u0131ndan kurulmu\u015ftur. Klini\u011fimiz Ankara\u2019 n\u0131n merkezinde Atat\u00fcrk Bulvar\u0131, Tunus caddesi ve Akay kav\u015faklar\u0131n\u0131n kesi\u015fiminde Atayurt \u0130\u015f Merkezinde bulunmaktad\u0131r. Klini\u011fimiz K\u0131z\u0131lay metro istasyonuna 500m. bakanl\u0131klar otob\u00fcs duraklar\u0131na 300m. mesafededir. Tunus caddesi \u00fczerinde geni\u015f ve hesapl\u0131 otoparklar klini\u011fimize 50m. mesafededir. Toplu ta\u015f\u0131ma ile klini\u011fimize gelecek hastalar\u0131m\u0131z\u0131n Atat\u00fcrk Bulvar\u0131 169\/40 numaral\u0131 giri\u015fimizi kullanmalar\u0131n\u0131 \u00f6zel ara\u00e7lar\u0131 ile klini\u011fimize gelecek hastalar\u0131m\u0131z\u0131n Tunus caddesi 10\/40 numaral\u0131 giri\u015fimizi kullanmalar\u0131n\u0131 \u00f6neririz. Uzm. Dt. Alper TA\u015eKALDIRAN (A\u011f\u0131z, Di\u015f ve \u00c7ene Cerrahisi Uzman\u0131) 1985 Y\u0131l\u0131nda \u00c7orum\u2019 da do\u011fdum. \u0130lk, orta ve lise e\u011fitimimi \u00c7orum\u2019da s\u0131ras\u0131yla Zafer \u0130lkokulu, \u00c7orum Anadolu Lisesi, \u00c7orum Fen Lisesi, \u00c7orum Atat\u00fcrk Lisesinde tamamlad\u0131m. 2003 y\u0131l\u0131nda Ankara \u00dcniversitesi Di\u015f Hekimli\u011fi Fak\u00fcltesinde ba\u015flad\u0131\u011f\u0131m di\u015f hekimli\u011fi e\u011fitimini 2008 y\u0131l\u0131nda tamamlad\u0131m. Ayn\u0131 y\u0131l K\u0131r\u0131kkale \u00dcniversitesi Di\u015f Hekimli\u011fi Fak\u00fcltesi A\u011f\u0131z, Di\u015f ve \u00c7ene Cerrahisi Anabilim Dal\u0131nda uzmanl\u0131k e\u011fitimine ba\u015flad\u0131m. Trombositten Zengin Plazma [&hellip;]<\/p>","protected":false},"author":1,"featured_media":0,"parent":0,"menu_order":0,"comment_status":"closed","ping_status":"closed","template":"","meta":[],"_links":{"self":[{"href":"https:\/\/alpertaskaldiran.com\/en\/wp-json\/wp\/v2\/pages\/6157"}],"collection":[{"href":"https:\/\/alpertaskaldiran.com\/en\/wp-json\/wp\/v2\/pages"}],"about":[{"href":"https:\/\/alpertaskaldiran.com\/en\/wp-json\/wp\/v2\/types\/page"}],"author":[{"embeddable":true,"href":"https:\/\/alpertaskaldiran.com\/en\/wp-json\/wp\/v2\/users\/1"}],"replies":[{"embeddable":true,"href":"https:\/\/alpertaskaldiran.com\/en\/wp-json\/wp\/v2\/comments?post=6157"}],"version-history":[{"count":12,"href":"https:\/\/alpertaskaldiran.com\/en\/wp-json\/wp\/v2\/pages\/6157\/revisions"}],"predecessor-version":[{"id":7296,"href":"https:\/\/alpertaskaldiran.com\/en\/wp-json\/wp\/v2\/pages\/6157\/revisions\/7296"}],"wp:attachment":[{"href":"https:\/\/alpertaskaldiran.com\/en\/wp-json\/wp\/v2\/media?parent=6157"}],"curies":[{"name":"wp","href":"https:\/\/api.w.org\/{rel}","templated":true}]}}