{"id":7141,"date":"2020-12-19T09:37:28","date_gmt":"2020-12-19T09:37:28","guid":{"rendered":"http:\/\/alpertaskaldiran.com\/?page_id=7141"},"modified":"2021-02-02T19:03:49","modified_gmt":"2021-02-02T19:03:49","slug":"20-yas-disleri","status":"publish","type":"page","link":"https:\/\/alpertaskaldiran.com\/en\/20-yas-disleri\/","title":{"rendered":"Wisdom Teeth"},"content":{"rendered":"<p><img loading=\"lazy\" class=\"size-medium wp-image-7256 alignleft\" src=\"http:\/\/alpertaskaldiran.com\/wp-content\/uploads\/2021\/02\/unnamed-300x169.jpg\" alt=\"\" width=\"300\" height=\"169\" srcset=\"https:\/\/alpertaskaldiran.com\/wp-content\/uploads\/2021\/02\/unnamed-300x169.jpg 300w, https:\/\/alpertaskaldiran.com\/wp-content\/uploads\/2021\/02\/unnamed-340x191.jpg 340w, https:\/\/alpertaskaldiran.com\/wp-content\/uploads\/2021\/02\/unnamed-125x70.jpg 125w, https:\/\/alpertaskaldiran.com\/wp-content\/uploads\/2021\/02\/unnamed.jpg 512w\" sizes=\"(max-width: 300px) 100vw, 300px\" \/>Our teeth grow, develop and change in time like other parts of our body. Our primary teeth, which are called as milk teeth by us, erupt in our mouths at young ages. These teeth fall out and then our permanent teeth termed \u201creal teeth\u201d by public, which we use for the rest of our lives, start to erupt. Even these teeth grow and develop in an order. For example, first our anterior teeth erupt and then our molar teeth... Finally our wisdom teeth that are located at the back erupt. Wisdom teeth, which usually erupt between the ages of 18 and 20, may erupt in later ages although this may vary from one person to another.<\/p>\n<p>Many people may think that 20-year-old teeth are painful, infected teeth, which therefore must be extracted. 20-year-old teeth that are usually considered as a problem by public may not always cause a problem for a person. If a 20-year-old tooth does not cause an infection in your mouth or does not remain buried or does not squeeze your other teeth and does not disrupt your tooth order, then it is not necessary to extract that tooth. However, if a person has one or more of the problems specified above, it is necessary to consult a dentist for application of a treatment protocol in line with the requirements of this person.<\/p>\n<p>As is the case with many dental health problems, problems regarding 20-year-old teeth that will cause trouble for us do not occur suddenly. They occur in time and we perceive the problems in the last stage, when they start to have a negative impact our daily life. Therefore, it is important to have regular dental examinations every 6 months. You can also follow the condition of your 20-year-old teeth by means of these dental examinations.<\/p>\n<p>If your 20-year-old teeth do not affect your overall health negatively, it is not necessary to pull them since they also allow you to perform your chewing function more easily, but sometimes infections can be seen in 20-year-old teeth. In such a case, the infection must be eliminated by starting antibiotic treatment before extracting your 20-year-old tooth. Otherwise, the infection may spread to other teeth and spread in the mouth after the tooth extraction procedure.<\/p>\n<p>20-year-old teeth are the teeth that play an important role in healthy development of jaw structure and alignment of teeth of a person, thus they should be specially evaluated.<\/p>","protected":false},"excerpt":{"rendered":"<p>Di\u015flerimiz de v\u00fccudumuzun t\u0131pk\u0131 di\u011fer b\u00f6l\u00fcmleri gibi zaman i\u00e7erisinde b\u00fcy\u00fcr, geli\u015fir ve de\u011fi\u015fir. K\u00fc\u00e7\u00fck ya\u015flardan itibaren a\u011fz\u0131m\u0131zda ilk olarak s\u00fct di\u015fleri dedi\u011fimiz ilk di\u015flerimiz \u00e7\u0131kar. Zamanla bu di\u015fler d\u00f6k\u00fcl\u00fcr ve akabinde hayat\u0131m\u0131z boyunca kullanaca\u011f\u0131m\u0131z halk aras\u0131nda \u201cger\u00e7ek di\u015fler\u201d dedi\u011fimiz di\u015flerimiz \u00e7\u0131kmaya ba\u015flar. Bu di\u015flerin dahi kendi i\u00e7erisinde bir b\u00fcy\u00fcme ve geli\u015fme s\u0131ras\u0131 vard\u0131r. \u00d6rne\u011fin ilk etapta \u00f6n di\u015flerimiz \u00e7\u0131kar sonras\u0131nda ise az\u0131 di\u015flerimiz\u2026 20 ya\u015f di\u015fleri dedi\u011fimiz di\u015f s\u0131ralamas\u0131nda en arkadaki di\u015flerimiz ise en son \u00e7\u0131kan di\u015flerdir. Genellikle 18 ila 20 ya\u015f aras\u0131nda \u00e7\u0131kan bu di\u015fler, ki\u015fiden ki\u015fiye de\u011fi\u015fiklik g\u00f6stermekle birlikte daha ge\u00e7 ya\u015flarda da kendini g\u00f6sterebilir. 20 ya\u015f di\u015fleri dendi\u011finde pek \u00e7ok ki\u015finin akl\u0131nda a\u011fr\u0131l\u0131, enfeksiyonlu ve mutlaka \u00e7ekilmesi gereken di\u015fler belirebilir. Halk aras\u0131nda genellikle bir sorun g\u00f6z\u00fcyle bak\u0131lan 20 ya\u015f di\u015fleri ki\u015fiye her zaman sorun te\u015fkil etmeyebilir. E\u011fer a\u011fz\u0131n\u0131zda bir enfeksiyona neden olmuyorsa, g\u00f6m\u00fcl\u00fc kalmad\u0131ysa veya di\u011fer di\u015flerinizi s\u0131k\u0131\u015ft\u0131r\u0131p di\u015f s\u0131ralaman\u0131z\u0131 bozmuyorsa 20 ya\u015f di\u015flerinin \u00e7ekilmesine gerek yoktur. [&hellip;]<\/p>","protected":false},"author":1,"featured_media":0,"parent":0,"menu_order":0,"comment_status":"closed","ping_status":"closed","template":"","meta":[],"_links":{"self":[{"href":"https:\/\/alpertaskaldiran.com\/en\/wp-json\/wp\/v2\/pages\/7141"}],"collection":[{"href":"https:\/\/alpertaskaldiran.com\/en\/wp-json\/wp\/v2\/pages"}],"about":[{"href":"https:\/\/alpertaskaldiran.com\/en\/wp-json\/wp\/v2\/types\/page"}],"author":[{"embeddable":true,"href":"https:\/\/alpertaskaldiran.com\/en\/wp-json\/wp\/v2\/users\/1"}],"replies":[{"embeddable":true,"href":"https:\/\/alpertaskaldiran.com\/en\/wp-json\/wp\/v2\/comments?post=7141"}],"version-history":[{"count":2,"href":"https:\/\/alpertaskaldiran.com\/en\/wp-json\/wp\/v2\/pages\/7141\/revisions"}],"predecessor-version":[{"id":7257,"href":"https:\/\/alpertaskaldiran.com\/en\/wp-json\/wp\/v2\/pages\/7141\/revisions\/7257"}],"wp:attachment":[{"href":"https:\/\/alpertaskaldiran.com\/en\/wp-json\/wp\/v2\/media?parent=7141"}],"curies":[{"name":"wp","href":"https:\/\/api.w.org\/{rel}","templated":true}]}}