{"id":7145,"date":"2020-12-19T09:39:02","date_gmt":"2020-12-19T09:39:02","guid":{"rendered":"http:\/\/alpertaskaldiran.com\/?page_id=7145"},"modified":"2021-02-02T19:09:51","modified_gmt":"2021-02-02T19:09:51","slug":"dis-beyazlatma","status":"publish","type":"page","link":"https:\/\/alpertaskaldiran.com\/en\/dis-beyazlatma\/","title":{"rendered":"Teeth Whitening"},"content":{"rendered":"<p><img loading=\"lazy\" class=\"size-medium wp-image-7263 alignleft\" src=\"http:\/\/alpertaskaldiran.com\/wp-content\/uploads\/2021\/02\/5d7f455d7152d82fc8510d71-300x169.jpg\" alt=\"\" width=\"300\" height=\"169\" srcset=\"https:\/\/alpertaskaldiran.com\/wp-content\/uploads\/2021\/02\/5d7f455d7152d82fc8510d71-300x169.jpg 300w, https:\/\/alpertaskaldiran.com\/wp-content\/uploads\/2021\/02\/5d7f455d7152d82fc8510d71-1024x576.jpg 1024w, https:\/\/alpertaskaldiran.com\/wp-content\/uploads\/2021\/02\/5d7f455d7152d82fc8510d71-768x432.jpg 768w, https:\/\/alpertaskaldiran.com\/wp-content\/uploads\/2021\/02\/5d7f455d7152d82fc8510d71-340x191.jpg 340w, https:\/\/alpertaskaldiran.com\/wp-content\/uploads\/2021\/02\/5d7f455d7152d82fc8510d71-600x338.jpg 600w, https:\/\/alpertaskaldiran.com\/wp-content\/uploads\/2021\/02\/5d7f455d7152d82fc8510d71-125x70.jpg 125w, https:\/\/alpertaskaldiran.com\/wp-content\/uploads\/2021\/02\/5d7f455d7152d82fc8510d71.jpg 1200w\" sizes=\"(max-width: 300px) 100vw, 300px\" \/>Teeth whitening, which is also called as bleaching in literature, is a highly comfortable and reliable process performed to remove discoloration of enamel that occurs due to environmental factors, nutritional habits, consumed carbonated and caffeinated beverages, smoking and consumption of alcohol, or lack of regular and effective oral care.<\/p>\n<p>Contrary to the common misconception, teeth whitening does not cause any harm to teeth if it is performed professionally by a qualified dentist.  Teeth whitening process contains many options in itself.  These are teeth whitening with light following application of a special whitening gel, laser whitening or whitening at home applied by a person under the guidance of a dentist.<\/p>\n<p>The following steps are taken for whitening using a special light: first, a general dental examination of the patient is made. Then, soft tissues are isolated, whitening gel containing components that are activated by light is applied to the teeth and finally light is applied to the teeth. This process, which is carried out in sessions, is repeated depending on the level of whiteness needed by the person.<\/p>\n<p>Laser whitening is perhaps one of the most frequently applied processes due to its rapid results and rapid application. Laser whitening, which is especially required by the people with a busy schedule and unfortunately with limited time for their care, is a process that can be completed in a lunch break. In this application, soft tissues are isolated and laser is applied to the teeth and lightening of the color of teeth is obtained in a short time.<\/p>\n<p>Another whitening method applied by the patient at home under the control of the dentist is as follows. First of all, the patient's teeth sizes are measured and a special transparent plaque is prepared according to the patient's teeth sizes. The patient is required to put the special bleaching compound into this plaque before bedtime and wear this transparent plaque all night long. Thus, the whitening process continues all night long.<\/p>\n<p>Although each method has its own advantages, the most appropriate whitening method for you should be decided by your dentist after general dental examination.<\/p>","protected":false},"excerpt":{"rendered":"<p>Di\u015f beyazlatma veya literat\u00fcrdeki ad\u0131yla Bleaching i\u015flemi, \u00e7evresel fakt\u00f6rler, beslenme al\u0131\u015fkanl\u0131klar\u0131, t\u00fcketilen gazl\u0131 ve kafeinli i\u00e7ecekler, sigara ve alkol kullan\u0131m\u0131 veya d\u00fczenli ve etkili \u015fekilde yap\u0131lmayan a\u011f\u0131z bak\u0131m\u0131 nedeni ile di\u015f minesinde kar\u015f\u0131la\u015f\u0131lan renk de\u011fi\u015fimlerini gidermek i\u00e7in ba\u015fvurulan olduk\u00e7a konforlu ve g\u00fcvenilir bir i\u015flemdir. Halk aras\u0131ndaki inan\u0131\u015f\u0131n aksine, i\u015fin ehli, uzman bir di\u015f hekimi taraf\u0131ndan profesyonel olarak yap\u0131ld\u0131\u011f\u0131nda di\u015f beyazlatma i\u015fleminin bir zarar\u0131 yoktur. Di\u015f beyazlatma i\u015flemi kendi i\u00e7erisinde bir\u00e7ok se\u00e7ene\u011fi bar\u0131nd\u0131r\u0131r. \u00d6zel bir beyazlatma jelinin s\u00fcr\u00fclmesi akabinde \u0131\u015f\u0131kla yap\u0131lan beyazlatma, lazerle yap\u0131lan beyazlatma veya hekimin y\u00f6nlendirmesi ile evde ki\u015finin kendi kendine uygulad\u0131\u011f\u0131 di\u015f beyazlatma y\u00f6ntemleri bulunmaktad\u0131r. \u00d6zel bir \u0131\u015f\u0131kla yap\u0131lan beyazlatma i\u015fleminde \u015fu ad\u0131mlar izlenir; \u00f6ncelikle hastan\u0131n genel di\u015f muayenesi yap\u0131l\u0131r. Ard\u0131rdan yumu\u015fak dokular izole edilerek di\u015flere, i\u00e7indeki bile\u015fenlerin \u0131\u015f\u0131kla aktive oldu\u011fu beyazlatma jeli s\u00fcr\u00fcl\u00fcr ve di\u015flere \u0131\u015f\u0131k banyosu yapt\u0131r\u0131l\u0131r. Seanslar halinde yap\u0131lan bu i\u015flem, ki\u015finin ihtiya\u00e7 duydu\u011fu beyazl\u0131k seviyesine ba\u011fl\u0131 olarak tekrarlan\u0131r. Lazerle yap\u0131lan di\u015f beyazlatma i\u015flemi gerek [&hellip;]<\/p>","protected":false},"author":1,"featured_media":0,"parent":0,"menu_order":0,"comment_status":"closed","ping_status":"closed","template":"","meta":[],"_links":{"self":[{"href":"https:\/\/alpertaskaldiran.com\/en\/wp-json\/wp\/v2\/pages\/7145"}],"collection":[{"href":"https:\/\/alpertaskaldiran.com\/en\/wp-json\/wp\/v2\/pages"}],"about":[{"href":"https:\/\/alpertaskaldiran.com\/en\/wp-json\/wp\/v2\/types\/page"}],"author":[{"embeddable":true,"href":"https:\/\/alpertaskaldiran.com\/en\/wp-json\/wp\/v2\/users\/1"}],"replies":[{"embeddable":true,"href":"https:\/\/alpertaskaldiran.com\/en\/wp-json\/wp\/v2\/comments?post=7145"}],"version-history":[{"count":2,"href":"https:\/\/alpertaskaldiran.com\/en\/wp-json\/wp\/v2\/pages\/7145\/revisions"}],"predecessor-version":[{"id":7264,"href":"https:\/\/alpertaskaldiran.com\/en\/wp-json\/wp\/v2\/pages\/7145\/revisions\/7264"}],"wp:attachment":[{"href":"https:\/\/alpertaskaldiran.com\/en\/wp-json\/wp\/v2\/media?parent=7145"}],"curies":[{"name":"wp","href":"https:\/\/api.w.org\/{rel}","templated":true}]}}