{"id":7148,"date":"2020-12-19T09:40:30","date_gmt":"2020-12-19T09:40:30","guid":{"rendered":"http:\/\/alpertaskaldiran.com\/?page_id=7148"},"modified":"2021-02-02T19:07:28","modified_gmt":"2021-02-02T19:07:28","slug":"cerrahi-dis-cekimi","status":"publish","type":"page","link":"https:\/\/alpertaskaldiran.com\/en\/cerrahi-dis-cekimi\/","title":{"rendered":"Surgical Tooth Extraction"},"content":{"rendered":"<p><img loading=\"lazy\" class=\"size-medium wp-image-7261 alignleft\" src=\"http:\/\/alpertaskaldiran.com\/wp-content\/uploads\/2021\/02\/dis-cekimi-300x169.jpg\" alt=\"\" width=\"300\" height=\"169\" srcset=\"https:\/\/alpertaskaldiran.com\/wp-content\/uploads\/2021\/02\/dis-cekimi-300x169.jpg 300w, https:\/\/alpertaskaldiran.com\/wp-content\/uploads\/2021\/02\/dis-cekimi-1024x576.jpg 1024w, https:\/\/alpertaskaldiran.com\/wp-content\/uploads\/2021\/02\/dis-cekimi-768x432.jpg 768w, https:\/\/alpertaskaldiran.com\/wp-content\/uploads\/2021\/02\/dis-cekimi-340x191.jpg 340w, https:\/\/alpertaskaldiran.com\/wp-content\/uploads\/2021\/02\/dis-cekimi-600x338.jpg 600w, https:\/\/alpertaskaldiran.com\/wp-content\/uploads\/2021\/02\/dis-cekimi-125x70.jpg 125w, https:\/\/alpertaskaldiran.com\/wp-content\/uploads\/2021\/02\/dis-cekimi.jpg 1280w\" sizes=\"(max-width: 300px) 100vw, 300px\" \/>Oral health is a very important concept, which should not be neglected and which may result in tooth loss, gum diseases and various infections in the mouth when neglected. Almost all dental and gum diseases occur due to neglected or improperly applied oral care.\u00a0<\/p>\r\n\r\n\r\n\r\n<p>Tooth decay (dental caries) is damage to a tooth and it is usually one of the first deformations that occur when oral care is neglected. Dental caries are among the problems that affect the gum and cause oral infections if it not taken care of in the early period. The dental caries in the early period can be cleaned and the tooth can be saved by filling, but in case of advanced dental caries, unfortunately the tooth should be extracted.<\/p>\r\n\r\n\r\n\r\n<p>Tooth extraction is the most commonly applied procedure among dental practices and it has a completely secure protocol. There are two types of tooth extraction, i.e. simple and surgical extractions. The method to be used in tooth extraction is determined according to the needs of the patient, because although the common cause for extraction is usually dental caries; sometimes it can also be applied within the scope of orthodontic treatments and in the case of problems related to 20-year-old teeth.<\/p>\r\n\r\n\r\n\r\n<p>Simple tooth extraction is the most commonly used tooth extraction method, which is performed under local anesthesia in a clinical environment in a short time and evaluated within the scope of outpatient care. In this procedure, tooth extraction takes place in a very short time and effects of local anesthesia disappear within a few hours after the procedure. It is important that the patients should avoid consuming anything immediately after tooth extraction. Since there will be a loss of sensation in the jaw for a short time due to anesthesia, the patients may not fully perceive the hardness of the food they bite, and they may even cause damage to their healthy teeth.\u00a0<\/p>\r\n\r\n\r\n\r\n<p>Another tooth extraction method is the surgical method. It is the procedure performed with general or intravenous anesthesia. This procedure includes surgical removal of the tooth from its socket in the jaw tissue. Although it is highly comfortable and reliable procedure, the dentist may prescribe antibiotics for the patient after the procedure, if necessary.\u00a0<\/p>","protected":false},"excerpt":{"rendered":"<p>A\u011f\u0131z sa\u011fl\u0131\u011f\u0131 ihmal edilmemesi gereken ihmal edildi\u011finde a\u011f\u0131zda di\u015f kay\u0131plar\u0131na, di\u015f eti hastal\u0131klar\u0131na ve \u00e7e\u015fitli enfeksiyonlara neden olabilen bir durumdur. Di\u015f ve di\u015f eti hastal\u0131klar\u0131n\u0131n neredeyse tamam\u0131na yak\u0131n\u0131 ihmal edilen veya do\u011fru \u015fekilde yap\u0131lmayan a\u011f\u0131z bak\u0131m\u0131 nedeniyle ortaya \u00e7\u0131kmaktad\u0131r.\u00a0 A\u011f\u0131z bak\u0131m\u0131n\u0131n ihmal edildi\u011fi durumlarda ortaya \u00e7\u0131kan ilk deformasyonlardan biri genelde di\u015f \u00e7\u00fcr\u00fckleridir. Di\u015f \u00e7\u00fcr\u00fckleri, erken d\u00f6nemde m\u00fcdahale edilmedi\u011fi takdirde di\u015f etini de etkileyen ve a\u011f\u0131zda enfeksiyona neden olan problemlerden biridir. Di\u015f \u00e7\u00fcr\u00fckleri e\u011fer erken d\u00f6nemdeyse temizlenip dolgu ile di\u015f kurtar\u0131labilirken e\u011fer ilerlemi\u015fse maalesef di\u015fi \u00e7ekmek gerekmektedir. Di\u015f \u00e7ekimi, di\u015f hekimli\u011fi uygulamalar\u0131 aras\u0131nda en yayg\u0131n olarak yap\u0131lan ve tamam\u0131yla g\u00fcvenli bir protokol\u00fc olan i\u015flemdir. Basit ve cerrahi olmak \u00fczere iki \u00e7e\u015fidi olan di\u015f \u00e7ekiminde hangi y\u00f6ntemin kullan\u0131laca\u011f\u0131 hastan\u0131n ihtiya\u00e7lar\u0131 do\u011frultusunda belirlenir \u00e7\u00fcnk\u00fc her ne kadar yayg\u0131n sebep genelde di\u015f \u00e7\u00fcr\u00fckleri olsa da zaman zaman ortodonti tedavileri kapsam\u0131nda ve 20 ya\u015f di\u015fleri ile ilgili problemlerde de di\u015f \u00e7ekimine ba\u015fvurulabilir. Di\u015f \u00e7ekiminin basit, [&hellip;]<\/p>","protected":false},"author":1,"featured_media":0,"parent":0,"menu_order":0,"comment_status":"closed","ping_status":"closed","template":"","meta":[],"_links":{"self":[{"href":"https:\/\/alpertaskaldiran.com\/en\/wp-json\/wp\/v2\/pages\/7148"}],"collection":[{"href":"https:\/\/alpertaskaldiran.com\/en\/wp-json\/wp\/v2\/pages"}],"about":[{"href":"https:\/\/alpertaskaldiran.com\/en\/wp-json\/wp\/v2\/types\/page"}],"author":[{"embeddable":true,"href":"https:\/\/alpertaskaldiran.com\/en\/wp-json\/wp\/v2\/users\/1"}],"replies":[{"embeddable":true,"href":"https:\/\/alpertaskaldiran.com\/en\/wp-json\/wp\/v2\/comments?post=7148"}],"version-history":[{"count":2,"href":"https:\/\/alpertaskaldiran.com\/en\/wp-json\/wp\/v2\/pages\/7148\/revisions"}],"predecessor-version":[{"id":7262,"href":"https:\/\/alpertaskaldiran.com\/en\/wp-json\/wp\/v2\/pages\/7148\/revisions\/7262"}],"wp:attachment":[{"href":"https:\/\/alpertaskaldiran.com\/en\/wp-json\/wp\/v2\/media?parent=7148"}],"curies":[{"name":"wp","href":"https:\/\/api.w.org\/{rel}","templated":true}]}}