{"id":7151,"date":"2020-12-19T09:40:58","date_gmt":"2020-12-19T09:40:58","guid":{"rendered":"http:\/\/alpertaskaldiran.com\/?page_id=7151"},"modified":"2021-02-02T19:11:48","modified_gmt":"2021-02-02T19:11:48","slug":"gece-plagi","status":"publish","type":"page","link":"https:\/\/alpertaskaldiran.com\/en\/gece-plagi\/","title":{"rendered":"Night Plaque"},"content":{"rendered":"<p><img loading=\"lazy\" class=\"size-medium wp-image-7266 alignleft\" src=\"http:\/\/alpertaskaldiran.com\/wp-content\/uploads\/2021\/02\/gece-plagi-300x188.jpg\" alt=\"\" width=\"300\" height=\"188\" srcset=\"https:\/\/alpertaskaldiran.com\/wp-content\/uploads\/2021\/02\/gece-plagi-300x188.jpg 300w, https:\/\/alpertaskaldiran.com\/wp-content\/uploads\/2021\/02\/gece-plagi-340x213.jpg 340w, https:\/\/alpertaskaldiran.com\/wp-content\/uploads\/2021\/02\/gece-plagi-600x375.jpg 600w, https:\/\/alpertaskaldiran.com\/wp-content\/uploads\/2021\/02\/gece-plagi-125x78.jpg 125w, https:\/\/alpertaskaldiran.com\/wp-content\/uploads\/2021\/02\/gece-plagi.jpg 734w\" sizes=\"(max-width: 300px) 100vw, 300px\" \/>It is very important for a person to have good health for a high quality of life. Our dental health, which is important for our personal health, may deform in time due to the conditions or circumstances encountered by us or due to our lifestyle, and we may experience many health problems caused by our poor dental health.\u00a0<\/p>\r\n\r\n\r\n\r\n<p>In today's fast-paced world, it can be observed that many people have stress-related teeth grinding and clenching problem due to extremely stressful living conditions. Although it is not a problem in the first stage, especially the teeth clenching problem can cause teeth breaking, deterioration of jaw structure, jaw pain and headaches in the future.\u00a0<\/p>\r\n\r\n\r\n\r\n<p>There are more than one treatment options for teeth clenching problem. Teeth clenching problem can be treated by a botox procedure applied to the masseter muscle, but it is not a long-term treatment method since botox has a short- term effect. The main treatment that results in very effective and satisfactory results in teeth clenching is the night plaque treatment.<\/p>\r\n\r\n\r\n\r\n<p>Night plaque is a transparent mouth plaque that is custom-made according to the tooth size of the person. People who have teeth clenching problems fit this plaque on their teeth before going to bed. This custom-made transparent plaque fits comfortably on the teeth and does not disturb the people using it, and prevents them from clenching and deforming their teeth during the night and thus starting the day with headache and jaw pain. How the night plate, which is quite comfortable, is used is important. It should never be used for 24 hours a day and one must definitely stop using it for approximately 1 week in a month.\u00a0<\/p>\r\n\r\n\r\n\r\n<p>In dental plaque treatment, which is an effective teeth clenching treatment, first of all, a general dental examination is carried out, then the size of the teeth is determined and the plaque is prepared according to the patient\u2019s mouth structure and the patient is asked to use this plaque regularly. And that\u2019s the entire process.\u00a0<\/p>","protected":false},"excerpt":{"rendered":"<p>Y\u00fcksek bir ya\u015fam kalitesi i\u00e7in ki\u015finin bedenen sa\u011fl\u0131kl\u0131 olmas\u0131 olduk\u00e7a \u00f6nemlidir. Ki\u015fisel sa\u011fl\u0131kta \u00f6nemli bir tutan di\u015f sa\u011fl\u0131\u011f\u0131m\u0131z zaman i\u00e7erisinde kar\u015f\u0131la\u015ft\u0131\u011f\u0131m\u0131z durum ve ko\u015fullar veya ya\u015fam \u015feklimiz nedeniyle deforme olabilir ve di\u015flerimizden kaynakl\u0131 pek \u00e7ok sa\u011fl\u0131k problemi ya\u015fayabiliriz.\u00a0 G\u00fcn\u00fcm\u00fcz d\u00fcnyas\u0131n\u0131n y\u00fcksek temposu, a\u015f\u0131r\u0131 stres y\u00fckl\u00fc ya\u015fam ko\u015fullar\u0131 nedeni ile bug\u00fcn bir\u00e7ok kad\u0131n ve erkekte strese ba\u011fl\u0131 di\u015f g\u0131c\u0131rdatmas\u0131 ve di\u015f s\u0131kmalar\u0131 g\u00f6r\u00fclebilmektedir. \u0130lk etapta sorun olmamakla birlikte \u00f6zellikle di\u015f s\u0131kma problemi ileriki d\u00f6nemlerde di\u015flerde k\u0131r\u0131lmalara, \u00e7ene yap\u0131s\u0131nda bozulmalara, \u00e7ene a\u011fr\u0131s\u0131na ve ba\u015f a\u011fr\u0131lar\u0131na neden olabilmektedir.\u00a0 Di\u015f s\u0131kmalar\u0131n\u0131n birden fazla tedavi se\u00e7ene\u011fi bulunmaktad\u0131r. Masseter kas\u0131na yap\u0131lan bir botoks i\u015flemi ile di\u015f s\u0131kma probleminin \u00f6n\u00fcne ge\u00e7ilebilmektedir ancak bu botoksun etkisinin k\u0131sa s\u00fcreli olmas\u0131 nedeni ile uzun soluklu bir tedavi y\u00f6ntemi de\u011fildir. Di\u015f s\u0131kmalar\u0131nda olduk\u00e7a etkin ve y\u00fcz g\u00fclen sonu\u00e7lar ald\u0131\u011f\u0131m\u0131z as\u0131l tedavi ise gece pla\u011f\u0131 tedavisidir. Gece pla\u011f\u0131, \u015feffaf bir a\u011f\u0131z pla\u011f\u0131 olup ki\u015finin di\u015f \u00f6l\u00e7\u00fcs\u00fcne g\u00f6re ki\u015fiye \u00f6zel yap\u0131lan bir plakt\u0131r. [&hellip;]<\/p>","protected":false},"author":1,"featured_media":0,"parent":0,"menu_order":0,"comment_status":"closed","ping_status":"closed","template":"","meta":[],"_links":{"self":[{"href":"https:\/\/alpertaskaldiran.com\/en\/wp-json\/wp\/v2\/pages\/7151"}],"collection":[{"href":"https:\/\/alpertaskaldiran.com\/en\/wp-json\/wp\/v2\/pages"}],"about":[{"href":"https:\/\/alpertaskaldiran.com\/en\/wp-json\/wp\/v2\/types\/page"}],"author":[{"embeddable":true,"href":"https:\/\/alpertaskaldiran.com\/en\/wp-json\/wp\/v2\/users\/1"}],"replies":[{"embeddable":true,"href":"https:\/\/alpertaskaldiran.com\/en\/wp-json\/wp\/v2\/comments?post=7151"}],"version-history":[{"count":2,"href":"https:\/\/alpertaskaldiran.com\/en\/wp-json\/wp\/v2\/pages\/7151\/revisions"}],"predecessor-version":[{"id":7267,"href":"https:\/\/alpertaskaldiran.com\/en\/wp-json\/wp\/v2\/pages\/7151\/revisions\/7267"}],"wp:attachment":[{"href":"https:\/\/alpertaskaldiran.com\/en\/wp-json\/wp\/v2\/media?parent=7151"}],"curies":[{"name":"wp","href":"https:\/\/api.w.org\/{rel}","templated":true}]}}