{"id":7154,"date":"2020-12-19T09:41:26","date_gmt":"2020-12-19T09:41:26","guid":{"rendered":"http:\/\/alpertaskaldiran.com\/?page_id=7154"},"modified":"2021-02-02T19:13:17","modified_gmt":"2021-02-02T19:13:17","slug":"genel-anestezi-ile-dis-tedavisi","status":"publish","type":"page","link":"https:\/\/alpertaskaldiran.com\/en\/genel-anestezi-ile-dis-tedavisi\/","title":{"rendered":"Dental Treatment with General Anesthesia"},"content":{"rendered":"<p><img loading=\"lazy\" class=\"size-medium wp-image-7268 alignleft\" src=\"http:\/\/alpertaskaldiran.com\/wp-content\/uploads\/2021\/02\/genel-anestezi-altinda-dis-tedavileri-300x200.jpg\" alt=\"\" width=\"300\" height=\"200\" srcset=\"https:\/\/alpertaskaldiran.com\/wp-content\/uploads\/2021\/02\/genel-anestezi-altinda-dis-tedavileri-300x200.jpg 300w, https:\/\/alpertaskaldiran.com\/wp-content\/uploads\/2021\/02\/genel-anestezi-altinda-dis-tedavileri-768x512.jpg 768w, https:\/\/alpertaskaldiran.com\/wp-content\/uploads\/2021\/02\/genel-anestezi-altinda-dis-tedavileri-340x227.jpg 340w, https:\/\/alpertaskaldiran.com\/wp-content\/uploads\/2021\/02\/genel-anestezi-altinda-dis-tedavileri-600x400.jpg 600w, https:\/\/alpertaskaldiran.com\/wp-content\/uploads\/2021\/02\/genel-anestezi-altinda-dis-tedavileri-128x84.jpg 128w, https:\/\/alpertaskaldiran.com\/wp-content\/uploads\/2021\/02\/genel-anestezi-altinda-dis-tedavileri-125x83.jpg 125w, https:\/\/alpertaskaldiran.com\/wp-content\/uploads\/2021\/02\/genel-anestezi-altinda-dis-tedavileri-755x500.jpg 755w, https:\/\/alpertaskaldiran.com\/wp-content\/uploads\/2021\/02\/genel-anestezi-altinda-dis-tedavileri.jpg 900w\" sizes=\"(max-width: 300px) 100vw, 300px\" \/>The dentist and the patient have to be cooperative in all dental treatments from the most extensive to the smallest intervention. If the patient is under a lot of strain and stress during the treatments or is not able to listen to the dentist due to various diseases or is a highly energetic child, this may jeopardize the dental treatment being carried out at that moment, no matter how safe the treatment protocols are.<\/p>\r\n\r\n\r\n\r\n<p>Dental treatments carried out under general anesthesia provide many advantages to both the patient and the dentist, especially in the above mentioned cases. Patient does not feel any pain since maximum anesthesia is provided with minimum dosage. In addition, if the patient has any extreme anxiety disorder such as dentophobia, anxiety or similar psychological diseases, the entire treatment process can be completed without triggering these diseases by keeping the patient completely unconscious by applying general anesthesia.\u00a0<\/p>\r\n\r\n\r\n\r\n<p>General anesthesia can be applied depending on the age range of the patient to be treated regardless of health problems. For example, this method is also a good option for the dental treatment of young kids, who have difficulty in sitting still during treatment or who are not adequately aware of the circumstances.\u00a0<\/p>\r\n\r\n\r\n\r\n<p>There are also dental treatments that require surgical operation in addition to the social, psychological and physiological conditions mentioned above. General anesthesia is applied in cases, where local anesthesia will be insufficient in the treatments that are included in the field of oral and maxillofacial surgery requiring extensive intervention.<\/p>\r\n\r\n\r\n\r\n<p>The procedures performed under general anesthesia last for 1.5 to 3 hours. All necessary procedures should be performed in a full-fledged health complex with suitable equipment. This is the sine qua non for the best performance of this operation. Apart from these, the patient has to stay in the clinic for a few hours after the operation and the anesthesiologist has to observe the patient. Dental treatments performed by applying general anesthesia are safe and comfortable procedures, and they consist of a set of procedures requiring expertise and experience.<\/p>","protected":false},"excerpt":{"rendered":"<p>En kapsaml\u0131dan en k\u00fc\u00e7\u00fck m\u00fcdahaleye kadar t\u00fcm di\u015f tedavilerinde di\u015f hekimi ile hastan\u0131n koopare olmas\u0131 gerekmektedir. Hastan\u0131n tedaviler esnas\u0131nda kendini s\u0131kmas\u0131, a\u015f\u0131r\u0131 stres alt\u0131nda olmas\u0131 veya \u00e7e\u015fitli hastal\u0131klara ba\u011fl\u0131 olarak di\u015f hekimini dinleyemeyecek durumda olmas\u0131 ya da hareketli bir \u00e7ocuk olmas\u0131 gibi bir\u00e7ok durum, tedavi protokolleri her ne kadar g\u00fcvenli olursa olsun o an s\u00fcrd\u00fcr\u00fclen di\u015f tedavisini tehlikeye atabilmektedir. Genel anestezi alt\u0131nda yap\u0131lan di\u015f tedavileri, \u00f6zellikle yukar\u0131da sayd\u0131\u011f\u0131m\u0131z durumlarda hem hastaya hem de di\u015f hekimine pek \u00e7ok avantaj sa\u011flar. \u00d6yle ki minimum dozla maksimum uyu\u015fma sa\u011fland\u0131\u011f\u0131 i\u00e7in \u00f6ncelikle hasta hi\u00e7bir a\u011fr\u0131 hissetmez. Ayr\u0131ca hastan\u0131n di\u015f\u00e7i fobisi veya anksiyete gibi a\u015f\u0131r\u0131 kayg\u0131 bozuklu\u011fu vb. psikolojik hastal\u0131klar\u0131 varsa genel anestezi alt\u0131nda tamamen bilin\u00e7siz olaca\u011f\u0131 i\u00e7in t\u00fcm tedavi s\u00fcreci bu hastal\u0131klar\u0131n\u0131 tetiklemeden bitirilebilmektedir.\u00a0 Sa\u011fl\u0131k sorunlar\u0131ndan ba\u011f\u0131ms\u0131z, tedavi edilecek hastan\u0131n ya\u015f aral\u0131\u011f\u0131na ba\u011fl\u0131 olarak da genel anesteziye ba\u015fvurulabilmektedir. \u00d6rne\u011fin tedavi esnas\u0131nda sabit durmakta zorlanan veya o bilin\u00e7te olmayan k\u00fc\u00e7\u00fck \u00e7ocuklar\u0131n di\u015f tedavilerinde de bu [&hellip;]<\/p>","protected":false},"author":1,"featured_media":0,"parent":0,"menu_order":0,"comment_status":"closed","ping_status":"closed","template":"","meta":[],"_links":{"self":[{"href":"https:\/\/alpertaskaldiran.com\/en\/wp-json\/wp\/v2\/pages\/7154"}],"collection":[{"href":"https:\/\/alpertaskaldiran.com\/en\/wp-json\/wp\/v2\/pages"}],"about":[{"href":"https:\/\/alpertaskaldiran.com\/en\/wp-json\/wp\/v2\/types\/page"}],"author":[{"embeddable":true,"href":"https:\/\/alpertaskaldiran.com\/en\/wp-json\/wp\/v2\/users\/1"}],"replies":[{"embeddable":true,"href":"https:\/\/alpertaskaldiran.com\/en\/wp-json\/wp\/v2\/comments?post=7154"}],"version-history":[{"count":2,"href":"https:\/\/alpertaskaldiran.com\/en\/wp-json\/wp\/v2\/pages\/7154\/revisions"}],"predecessor-version":[{"id":7269,"href":"https:\/\/alpertaskaldiran.com\/en\/wp-json\/wp\/v2\/pages\/7154\/revisions\/7269"}],"wp:attachment":[{"href":"https:\/\/alpertaskaldiran.com\/en\/wp-json\/wp\/v2\/media?parent=7154"}],"curies":[{"name":"wp","href":"https:\/\/api.w.org\/{rel}","templated":true}]}}