{"id":7157,"date":"2020-12-19T09:41:57","date_gmt":"2020-12-19T09:41:57","guid":{"rendered":"http:\/\/alpertaskaldiran.com\/?page_id=7157"},"modified":"2021-02-02T19:14:27","modified_gmt":"2021-02-02T19:14:27","slug":"gomulu-dis-operasyonlari","status":"publish","type":"page","link":"https:\/\/alpertaskaldiran.com\/en\/gomulu-dis-operasyonlari\/","title":{"rendered":"Embedded Teeth Operations"},"content":{"rendered":"<p><img loading=\"lazy\" class=\"size-medium wp-image-7261 alignleft\" src=\"http:\/\/alpertaskaldiran.com\/wp-content\/uploads\/2021\/02\/dis-cekimi-300x169.jpg\" alt=\"\" width=\"300\" height=\"169\" srcset=\"https:\/\/alpertaskaldiran.com\/wp-content\/uploads\/2021\/02\/dis-cekimi-300x169.jpg 300w, https:\/\/alpertaskaldiran.com\/wp-content\/uploads\/2021\/02\/dis-cekimi-1024x576.jpg 1024w, https:\/\/alpertaskaldiran.com\/wp-content\/uploads\/2021\/02\/dis-cekimi-768x432.jpg 768w, https:\/\/alpertaskaldiran.com\/wp-content\/uploads\/2021\/02\/dis-cekimi-340x191.jpg 340w, https:\/\/alpertaskaldiran.com\/wp-content\/uploads\/2021\/02\/dis-cekimi-600x338.jpg 600w, https:\/\/alpertaskaldiran.com\/wp-content\/uploads\/2021\/02\/dis-cekimi-125x70.jpg 125w, https:\/\/alpertaskaldiran.com\/wp-content\/uploads\/2021\/02\/dis-cekimi.jpg 1280w\" sizes=\"(max-width: 300px) 100vw, 300px\" \/>Impacted teeth are the teeth that fail to erupt and remain in the jawbone since they do not have enough room to erupt or develop normally in the tooth order. While some teeth remain impacted in the jawbone, some teeth may also be invisible due to soft tissue on them. The most common causes of impacted tooth problems that occur due to many different factors are genetic factors, lack of sufficient row and room for tooth alignment due to narrow jaw, failure of the tooth to erupt due to blockage resulting from displacement of the neighboring teeth and dental inflammation.\u00a0<\/p>\r\n\r\n\r\n\r\n<p>Such teeth may be completely impacted in the jawbone or some of them may have partially erupted. The teeth that are partially erupted and partially remain impacted in the jaw are called semi-impacted (or partially impacted) teeth. Although the impacted tooth problem may occur in any tooth in the mouth, it is mostly seen in 20-year-old teeth (as they are the last ones to erupt).\u00a0<\/p>\r\n\r\n\r\n\r\n<p>The treatment recommended for impacted tooth is extraction surgery. In this operation, the area is made numb with local anesthetic, then an incision is made in the gum tissue around the tooth and the embedded tooth is removed. After the impacted tooth is removed, the operation is completed by closing the wound with stitches. It is a very comfortable procedure for the patients as the area is under anesthesia during the entire procedure. Patients do not feel any pain.\u00a0<\/p>\r\n\r\n\r\n\r\n<p>The operation is not the last stage in the treatment of impacted teeth. There is a short treatment period after the operation. Sutures applied during surgery stay in place for 7 to 10 days before removal. Antibiotics and analgesics are given to the patient after the operation, if necessary. Since the appropriate surgical intervention is important within the scope of an operation, the dentist who will perform the impacted tooth operation should be competent and experienced in this field.\u00a0<\/p>\r\n\r\n\r\n\r\n<p>Although dental surgeries are usually considered as minor procedures, it is an operation and should be performed carefully and meticulously, just like the surgeries for other parts of the body. Therefore, the dentist must be informed about the medicines taken by the patient during planning and general examination.\u00a0<\/p>","protected":false},"excerpt":{"rendered":"<p>G\u00f6m\u00fck di\u015f veya g\u00f6m\u00fcl\u00fc di\u015f, \u00e7\u0131kmas\u0131 gerekirken \u00e7ene kemi\u011finin i\u00e7erisinde kalm\u0131\u015f, di\u015f s\u0131ralamas\u0131nda olmas\u0131 gereken yer olmayan, \u00e7\u0131kmam\u0131\u015f di\u015flerdir. G\u00f6m\u00fcl\u00fc di\u015fler, \u00e7ene kemi\u011finde g\u00f6m\u00fck halde kalmas\u0131n\u0131n yan\u0131 s\u0131ra \u00fczerine yumu\u015fak doku geldi\u011fi i\u00e7in de g\u00f6r\u00fclemeyen di\u015fler olabilmektedirler. Bir\u00e7ok farkl\u0131 etkene ba\u011fl\u0131 olarak ortaya \u00e7\u0131kan g\u00f6m\u00fcl\u00fc di\u015f probleminde en s\u0131k g\u00f6r\u00fclen nedenler; genetik fakt\u00f6rler, \u00e7enenin darl\u0131\u011f\u0131 nedeniyle di\u015f dizilimi i\u00e7in yeterli s\u0131ra, yer olmamas\u0131, kom\u015fu di\u015flerin yer de\u011fi\u015fimine ba\u011fl\u0131 olarak di\u015fin \u00f6n\u00fcn\u00fcn kapan\u0131p \u00e7\u0131k\u0131\u015f\u0131na engel olunmas\u0131 ve di\u015f iltihaplar\u0131d\u0131r.\u00a0 Bu t\u00fcr di\u015fler tamamen \u00e7ene kemi\u011fine g\u00f6m\u00fcl\u00fc olabildi\u011fi gibi bir k\u0131sm\u0131 kendini g\u00f6stermi\u015f de olabilirler. Yar\u0131 \u00e7\u0131km\u0131\u015f yar\u0131s\u0131 ise \u00e7enede g\u00f6m\u00fcl\u00fc kalm\u0131\u015f di\u015fler yar\u0131 g\u00f6m\u00fcl\u00fc di\u015f olarak adland\u0131r\u0131lmaktad\u0131r. G\u00f6m\u00fcl\u00fc di\u015f problemi a\u011f\u0131zda herhangi bir di\u015fte meydana gelebilmekle birlikte \u00e7o\u011funlukla (en son \u00e7\u0131kmalar\u0131 nedeniyle) 20 ya\u015f di\u015flerinde g\u00f6r\u00fclmektedirler.\u00a0 G\u00f6m\u00fcl\u00fc di\u015fin tedavisi cerrahisidir. Bu operasyonda b\u00f6lge lokal olarak uyu\u015fturulur akabinde di\u015f etraf\u0131ndaki doku kald\u0131r\u0131larak g\u00f6m\u00fcl\u00fc di\u015f al\u0131n\u0131r. G\u00f6m\u00fcl\u00fc di\u015f al\u0131nd\u0131ktan sonra i\u015flem b\u00f6lgesine diki\u015f [&hellip;]<\/p>","protected":false},"author":1,"featured_media":0,"parent":0,"menu_order":0,"comment_status":"closed","ping_status":"closed","template":"","meta":[],"_links":{"self":[{"href":"https:\/\/alpertaskaldiran.com\/en\/wp-json\/wp\/v2\/pages\/7157"}],"collection":[{"href":"https:\/\/alpertaskaldiran.com\/en\/wp-json\/wp\/v2\/pages"}],"about":[{"href":"https:\/\/alpertaskaldiran.com\/en\/wp-json\/wp\/v2\/types\/page"}],"author":[{"embeddable":true,"href":"https:\/\/alpertaskaldiran.com\/en\/wp-json\/wp\/v2\/users\/1"}],"replies":[{"embeddable":true,"href":"https:\/\/alpertaskaldiran.com\/en\/wp-json\/wp\/v2\/comments?post=7157"}],"version-history":[{"count":2,"href":"https:\/\/alpertaskaldiran.com\/en\/wp-json\/wp\/v2\/pages\/7157\/revisions"}],"predecessor-version":[{"id":7270,"href":"https:\/\/alpertaskaldiran.com\/en\/wp-json\/wp\/v2\/pages\/7157\/revisions\/7270"}],"wp:attachment":[{"href":"https:\/\/alpertaskaldiran.com\/en\/wp-json\/wp\/v2\/media?parent=7157"}],"curies":[{"name":"wp","href":"https:\/\/api.w.org\/{rel}","templated":true}]}}