{"id":7160,"date":"2020-12-19T09:42:20","date_gmt":"2020-12-19T09:42:20","guid":{"rendered":"http:\/\/alpertaskaldiran.com\/?page_id=7160"},"modified":"2021-02-02T19:15:58","modified_gmt":"2021-02-02T19:15:58","slug":"gulus-tasarimi","status":"publish","type":"page","link":"https:\/\/alpertaskaldiran.com\/en\/gulus-tasarimi\/","title":{"rendered":"Smile Design"},"content":{"rendered":"<p><img loading=\"lazy\" class=\"size-medium wp-image-7271 alignleft\" src=\"http:\/\/alpertaskaldiran.com\/wp-content\/uploads\/2021\/02\/estetik-gulus-tasarimi-300x169.jpg\" alt=\"\" width=\"300\" height=\"169\" srcset=\"https:\/\/alpertaskaldiran.com\/wp-content\/uploads\/2021\/02\/estetik-gulus-tasarimi-300x169.jpg 300w, https:\/\/alpertaskaldiran.com\/wp-content\/uploads\/2021\/02\/estetik-gulus-tasarimi-1024x576.jpg 1024w, https:\/\/alpertaskaldiran.com\/wp-content\/uploads\/2021\/02\/estetik-gulus-tasarimi-768x432.jpg 768w, https:\/\/alpertaskaldiran.com\/wp-content\/uploads\/2021\/02\/estetik-gulus-tasarimi-340x191.jpg 340w, https:\/\/alpertaskaldiran.com\/wp-content\/uploads\/2021\/02\/estetik-gulus-tasarimi-600x338.jpg 600w, https:\/\/alpertaskaldiran.com\/wp-content\/uploads\/2021\/02\/estetik-gulus-tasarimi-125x70.jpg 125w, https:\/\/alpertaskaldiran.com\/wp-content\/uploads\/2021\/02\/estetik-gulus-tasarimi.jpg 1280w\" sizes=\"(max-width: 300px) 100vw, 300px\" \/>Undoubtedly, a beautiful smile is the dream of many people today. A person may not always be lucky enough to be born with a beautiful, impressive white smile that is considered to complement beauty\/handsomeness. Tooth loss, dental distortions, stains on tooth enamel that occur depending on environmental factors and many other factors can prevent you from having a beautiful smile.\u00a0<\/p>\r\n\r\n\r\n\r\n<p>Smile design, which is an indispensable part of aesthetic dentistry, comes into play at this point. Smile design is a set of procedures determined in line with the needs of the person and its purpose is to give the person beautiful, white and attractive smile with the harmony of lips, teeth and jaws.<\/p>\r\n\r\n\r\n\r\n<p>Many procedures such as implant treatment, gum treatments that we call pink aesthetics and teeth whitening can be performed within the scope of smile design. It is not possible to talk about a standard smile design protocol since the number and details of the procedures are determined in line with the needs of the patient. However, it should be known that missing teeth can be replaced, teeth stains can be eliminated, teeth can be whitened, and even a new appearance of gum structure that is conforming with the mouth can be achieved by intervening gum, if necessary.\u00a0<\/p>\r\n\r\n\r\n\r\n<p>It is important to determine the expectations and needs of the patient completely and accurately before planning the smile design.  Therefore, smile design procedure must be performed by a specialist dentist who has experience in this field. All treatments to be performed within the scope of smile design are safe and comfortable applications. Although the duration of the treatment for smile design, where the treatment protocol is applied with personal planning, may vary depending on all the procedures to be performed for the person, it is possible to say that almost all procedures are completed in a short time, using the methods that are developing day by day.\u00a0<\/p>\r\n\r\n\r\n\r\n<p>You can always consult our clinic for detailed information and appointments about smile design and address your questions.\u00a0<\/p>\r\n\r\n\r\n\r\n<p>Do not forget to take a step today for healthy and beautiful smiles!<\/p>","protected":false},"excerpt":{"rendered":"<p>Ku\u015fkusuz ki g\u00fczel bir g\u00fcl\u00fc\u015f g\u00fcn\u00fcm\u00fczde bir\u00e7ok ki\u015finin hayalidir. Adeta g\u00fczelli\u011fi\/yak\u0131\u015f\u0131kl\u0131l\u0131\u011f\u0131 tamamlad\u0131\u011f\u0131 d\u00fc\u015f\u00fcn\u00fclen g\u00fczel, etkileyici beyaz g\u00fcl\u00fc\u015flere ki\u015fi, her zaman do\u011fu\u015ftan sahip olacak kadar \u015fansl\u0131 olmayabilir. \u00c7evresel fakt\u00f6rlere ba\u011fl\u0131 olarak di\u015f kay\u0131plar\u0131, di\u015flerde \u00e7arp\u0131kl\u0131klar, di\u015f minesinde olu\u015fan lekelenmeler ve daha bir\u00e7ok etken g\u00fczel bir g\u00fcl\u00fc\u015fe sahip olman\u0131z\u0131n \u00f6n\u00fcnde engel olabilir.\u00a0 Estetik di\u015f hekimli\u011finin olmazsa olmaz\u0131 g\u00fcl\u00fc\u015f tasar\u0131m\u0131 i\u015fte tam olarak bu noktada devreye giriyor. G\u00fcl\u00fc\u015f tasar\u0131m\u0131, ki\u015finin ihtiya\u00e7lar\u0131 do\u011frultusunda belirlenen bir i\u015flemler b\u00fct\u00fcn\u00fcd\u00fcr ve amac\u0131, ki\u015fiye, dudak, di\u015f ve \u00e7enenin kendi i\u00e7erisinde uyum olu\u015fturdu\u011fu g\u00fczel, beyaz ve \u00e7ekici g\u00fcl\u00fc\u015f vermektir. G\u00fcl\u00fc\u015f tasar\u0131m\u0131 kapsam\u0131nda implant tedavisi, pembe estetik dedi\u011fimiz di\u015f eti tedavileri ve di\u015f beyazlatma gibi bir\u00e7ok i\u015flem yap\u0131labilmektedir. \u0130\u015flemlerin say\u0131s\u0131 ve detaylar\u0131 hastan\u0131n ihtiya\u00e7lar\u0131 do\u011frultusunda belirlendi\u011fi i\u00e7in standart bir g\u00fcl\u00fc\u015f tasar\u0131m\u0131 protokol\u00fcnden bahsetmek pek m\u00fcmk\u00fcn olmamaktad\u0131r. Ancak bilinmelidir ki g\u00fcl\u00fc\u015f tasar\u0131m\u0131 ile eksik di\u015fler giderilebilir, di\u015flerdeki lekelenmeler ortadan kald\u0131r\u0131labilir, di\u015fler beyazlat\u0131labilir dahas\u0131 ihtiya\u00e7 halinde di\u015f etlerine m\u00fcdahale edilerek di\u015f etleri [&hellip;]<\/p>","protected":false},"author":1,"featured_media":0,"parent":0,"menu_order":0,"comment_status":"closed","ping_status":"closed","template":"","meta":[],"_links":{"self":[{"href":"https:\/\/alpertaskaldiran.com\/en\/wp-json\/wp\/v2\/pages\/7160"}],"collection":[{"href":"https:\/\/alpertaskaldiran.com\/en\/wp-json\/wp\/v2\/pages"}],"about":[{"href":"https:\/\/alpertaskaldiran.com\/en\/wp-json\/wp\/v2\/types\/page"}],"author":[{"embeddable":true,"href":"https:\/\/alpertaskaldiran.com\/en\/wp-json\/wp\/v2\/users\/1"}],"replies":[{"embeddable":true,"href":"https:\/\/alpertaskaldiran.com\/en\/wp-json\/wp\/v2\/comments?post=7160"}],"version-history":[{"count":2,"href":"https:\/\/alpertaskaldiran.com\/en\/wp-json\/wp\/v2\/pages\/7160\/revisions"}],"predecessor-version":[{"id":7272,"href":"https:\/\/alpertaskaldiran.com\/en\/wp-json\/wp\/v2\/pages\/7160\/revisions\/7272"}],"wp:attachment":[{"href":"https:\/\/alpertaskaldiran.com\/en\/wp-json\/wp\/v2\/media?parent=7160"}],"curies":[{"name":"wp","href":"https:\/\/api.w.org\/{rel}","templated":true}]}}