{"id":7163,"date":"2020-12-19T09:42:43","date_gmt":"2020-12-19T09:42:43","guid":{"rendered":"http:\/\/alpertaskaldiran.com\/?page_id=7163"},"modified":"2021-02-02T19:18:22","modified_gmt":"2021-02-02T19:18:22","slug":"implant-tedavisi","status":"publish","type":"page","link":"https:\/\/alpertaskaldiran.com\/en\/implant-tedavisi\/","title":{"rendered":"Implant Treatment"},"content":{"rendered":"<p><img loading=\"lazy\" class=\"size-medium wp-image-7273 alignleft\" src=\"http:\/\/alpertaskaldiran.com\/wp-content\/uploads\/2021\/02\/implant-dis-2-300x147.jpg\" alt=\"\" width=\"300\" height=\"147\" srcset=\"https:\/\/alpertaskaldiran.com\/wp-content\/uploads\/2021\/02\/implant-dis-2-300x147.jpg 300w, https:\/\/alpertaskaldiran.com\/wp-content\/uploads\/2021\/02\/implant-dis-2-1024x502.jpg 1024w, https:\/\/alpertaskaldiran.com\/wp-content\/uploads\/2021\/02\/implant-dis-2-768x376.jpg 768w, https:\/\/alpertaskaldiran.com\/wp-content\/uploads\/2021\/02\/implant-dis-2-1536x752.jpg 1536w, https:\/\/alpertaskaldiran.com\/wp-content\/uploads\/2021\/02\/implant-dis-2-340x167.jpg 340w, https:\/\/alpertaskaldiran.com\/wp-content\/uploads\/2021\/02\/implant-dis-2-600x294.jpg 600w, https:\/\/alpertaskaldiran.com\/wp-content\/uploads\/2021\/02\/implant-dis-2-125x61.jpg 125w, https:\/\/alpertaskaldiran.com\/wp-content\/uploads\/2021\/02\/implant-dis-2.jpg 1960w\" sizes=\"(max-width: 300px) 100vw, 300px\" \/>Speaking of dental treatments, one of the first things that come to mind is dental implant treatment, which is applied to many patients who have lost their teeth due to various reasons effectively and with high patient satisfaction.\u00a0<\/p>\r\n\r\n\r\n\r\n<p>Dental implant treatment is basically a treatment that is applied for replacement of missing teeth by using titanium metal screws.  These screws are fixed to the jaw in the places of missing teeth and serve as roots. Then, dental prostheses are placed on these screws. The procedure performed is completely reliable and it does not cause any damage to the neighboring teeth.<\/p>\r\n\r\n\r\n\r\n<p>Implant treatments are the applications with a lower age limit. It can be applied to the patients over the age of 18, since the jaw structure development of the patient must be complete in order to apply the treatment. Many different dental prostheses can be used in implant treatments. The final decision about the type of dental prosthesis to be used is determined in the planning stage before the application.\u00a0<\/p>\r\n\r\n\r\n\r\n<p>In the past, implant treatments were the treatments that take a lot of time, which could even disconnect the patient from social life for a long time. However, nowadays, implant treatments have become applications that take a very short time as a result of many developments in dentistry.\u00a0<\/p>\r\n\r\n\r\n\r\n<p>Tooth loss that causes a need for implant treatment may occur due to many reasons. For example, tooth loss may occur due to traumas such as accident and various diseases, and irregular eating habits or failure to perform daily oral care can also be indicated among the causes of teeth loss. Regardless of the cause of teeth loss, implant treatments can be applied in any case.\u00a0<\/p>\r\n\r\n\r\n\r\n<p>Today, implant treatment is a common treatment and thus there are many implants from different countries. Although the brand of the implant to be used is decided by the dentist, all implant brands can be used for 20-25 years with good oral care.\u00a0<\/p>\r\n\r\n\r\n\r\n<p>How is implant treatment performed?<\/p>\r\n\r\n\r\n\r\n<p>Implant treatments are applications planned in line with the needs of the patent. If the implant treatment is suitable for the patient, treatment starts directly; but if the jaw structure of the patient is not suitable for this treatment, this problem is solved first. Then, implant treatment will be applied. Before starting implant treatment, the dentist must be informed about the medicines taken by the patient. If deemed necessary, taking these medicines (blood thinners, etc.) may be stopped under the supervision of the doctor during implant treatment. However, it is important that especially the patients with type 2 diabetes must keep their diabetes under control before implant treatment.\u2028 This is important since wounds of diabetic patients take longer to heal as compared to wounds of other patients. It is important to have diabetes of the patients under control in order to be able to get through the implant treatment process comfortably.\u00a0<\/p>\r\n\r\n\r\n\r\n<p>After getting through all these processes healthfully, the first step of the implant treatment is to perform a comprehensive dental examination of the person and then the suitability of the person for the implant is checked through x-rays. The total duration of implant treatments performed by fixing titanium screws to the jaw in the places of missing teeth and placing prosthesis on it may vary according to the needs of the patient.\u00a0<\/p>","protected":false},"excerpt":{"rendered":"<p>Di\u015f tedavileri denince akla gelen ilk uygulamalardan biri olan implant tedavileri, \u00e7e\u015fitli nedenlerden \u00f6t\u00fcr\u00fc di\u015f kayb\u0131na u\u011frayan pek \u00e7ok hastaya uygulanan etkin ve y\u00fcksek hasta memnuniyeti sa\u011flanan uygulamalard\u0131r.\u00a0 Eksik di\u015flerin giderilmesinde uygulanan implant tedavisi, temelde, titanyum vidalar\u0131n kullan\u0131ld\u0131\u011f\u0131 bir tedavidir. Bu vidalar, eksik di\u015fin oldu\u011fu yerde \u00e7eneye sabitlenerek k\u00f6k g\u00f6revi g\u00f6r\u00fcrler. Akabinde de bu vidalar\u0131n \u00fczerine di\u015f protezleri yerle\u015ftirilir. Yap\u0131lan i\u015flem tamam\u0131yla g\u00fcvenilir olmakla birlikte kom\u015fu di\u015flere herhangi bir zarar vermez. \u0130mplant tedavileri ya\u015f s\u0131n\u0131r\u0131 bulunan uygulamalard\u0131r. 18 ya\u015f \u00fcst\u00fc ki\u015filere yap\u0131labilmesinin nedeni tedavinin uygulanabilmesi i\u00e7in ki\u015finin \u00e7ene yap\u0131s\u0131n\u0131n tam geli\u015fmi\u015f olmas\u0131 gereklili\u011fidir. \u0130mplant tedavilerinde bir\u00e7ok farkl\u0131 di\u015f protezi kullan\u0131labilir. Hangi tip di\u015f protezinin kullan\u0131laca\u011f\u0131 ile ilgili nihai karar uygulama \u00f6ncesi yap\u0131lan planlamada ortaya konur.\u00a0 Ge\u00e7ti\u011fimiz y\u0131llarda implant tedavileri, olduk\u00e7a zaman alan ve ki\u015fiyi uzun bir s\u00fcre neredeyse sosyal hayattan koparan tedavilerdi. Ancak g\u00fcn\u00fcm\u00fczde, di\u015f hekimli\u011findeki bir\u00e7ok geli\u015fmenin akabinde implant tedavileri art\u0131k olduk\u00e7a k\u0131sa s\u00fcren uygulamalar haline gelmi\u015flerdir.\u00a0 \u0130mplant tedavisi [&hellip;]<\/p>","protected":false},"author":1,"featured_media":0,"parent":0,"menu_order":0,"comment_status":"closed","ping_status":"closed","template":"","meta":[],"_links":{"self":[{"href":"https:\/\/alpertaskaldiran.com\/en\/wp-json\/wp\/v2\/pages\/7163"}],"collection":[{"href":"https:\/\/alpertaskaldiran.com\/en\/wp-json\/wp\/v2\/pages"}],"about":[{"href":"https:\/\/alpertaskaldiran.com\/en\/wp-json\/wp\/v2\/types\/page"}],"author":[{"embeddable":true,"href":"https:\/\/alpertaskaldiran.com\/en\/wp-json\/wp\/v2\/users\/1"}],"replies":[{"embeddable":true,"href":"https:\/\/alpertaskaldiran.com\/en\/wp-json\/wp\/v2\/comments?post=7163"}],"version-history":[{"count":2,"href":"https:\/\/alpertaskaldiran.com\/en\/wp-json\/wp\/v2\/pages\/7163\/revisions"}],"predecessor-version":[{"id":7274,"href":"https:\/\/alpertaskaldiran.com\/en\/wp-json\/wp\/v2\/pages\/7163\/revisions\/7274"}],"wp:attachment":[{"href":"https:\/\/alpertaskaldiran.com\/en\/wp-json\/wp\/v2\/media?parent=7163"}],"curies":[{"name":"wp","href":"https:\/\/api.w.org\/{rel}","templated":true}]}}