{"id":7166,"date":"2020-12-19T09:43:30","date_gmt":"2020-12-19T09:43:30","guid":{"rendered":"http:\/\/alpertaskaldiran.com\/?page_id=7166"},"modified":"2021-02-02T19:19:22","modified_gmt":"2021-02-02T19:19:22","slug":"implant-ustu-protezler","status":"publish","type":"page","link":"https:\/\/alpertaskaldiran.com\/en\/implant-ustu-protezler\/","title":{"rendered":"Implant-Supported Prostheses"},"content":{"rendered":"<p><img loading=\"lazy\" class=\"size-medium wp-image-7273 alignleft\" src=\"http:\/\/alpertaskaldiran.com\/wp-content\/uploads\/2021\/02\/implant-dis-2-300x147.jpg\" alt=\"\" width=\"300\" height=\"147\" srcset=\"https:\/\/alpertaskaldiran.com\/wp-content\/uploads\/2021\/02\/implant-dis-2-300x147.jpg 300w, https:\/\/alpertaskaldiran.com\/wp-content\/uploads\/2021\/02\/implant-dis-2-1024x502.jpg 1024w, https:\/\/alpertaskaldiran.com\/wp-content\/uploads\/2021\/02\/implant-dis-2-768x376.jpg 768w, https:\/\/alpertaskaldiran.com\/wp-content\/uploads\/2021\/02\/implant-dis-2-1536x752.jpg 1536w, https:\/\/alpertaskaldiran.com\/wp-content\/uploads\/2021\/02\/implant-dis-2-340x167.jpg 340w, https:\/\/alpertaskaldiran.com\/wp-content\/uploads\/2021\/02\/implant-dis-2-600x294.jpg 600w, https:\/\/alpertaskaldiran.com\/wp-content\/uploads\/2021\/02\/implant-dis-2-125x61.jpg 125w, https:\/\/alpertaskaldiran.com\/wp-content\/uploads\/2021\/02\/implant-dis-2.jpg 1960w\" sizes=\"(max-width: 300px) 100vw, 300px\" \/>Dental treatment using Implant-supported prostheses, which are frequently used for people who have no teeth but have sufficient bone tissue, is an effective treatment method that allows edentulous patients to perform their chewing function correctly and effectively and has two options, using fixed or removable prostheses. In treatment using implant-supported prostheses, which is an effective method for patients with partial tooth loss, Implant-supported fixed prostheses are applied as a single crown or a full prosthesis, and removable prostheses are applied to patients who have no teeth in their mouth.<\/p>\r\n\r\n\r\n\r\n<p>A very safe and comfortable procedure is performed by using these prostheses that are placed on the implant fixed to the jawbone. It is also an economical treatment option. In implant-supported prostheses, there is no need to use an implant for each tooth. It is sufficient to fix the implants to the places of the missing teeth in the key points of the jaw for effective application of prostheses. Although it varies from patient to patient, 6 implants may be sufficient for an edentulous patient.\u00a0<\/p>\r\n\r\n\r\n\r\n<p>Although it is a comfortable application, partial swelling may occur in the gums during application of implant-supported prostheses. This is quite normal. Swelling in gum goes away within few days after application. Since anesthesia is used in the implant application, pain and feeling of pain are minimized during application.\u00a0<\/p>\r\n\r\n\r\n\r\n<p>Metal-supported or more aesthetic full ceramic systems can be used in implant-supported prostheses, as in other dental procedures.<\/p>\r\n\r\n\r\n\r\n<p>For detailed information about implant-supported prostheses, your questions about our treatments and your appointment requests for our clinic, you can contact us.\u00a0<\/p>\r\n\r\n\r\n\r\n<p>Implant-supported prostheses, and also other dental treatments, are the applications planned individually for each patient and the protocol is determined in line with the needs of the patient. Therefore, the prices for implant-supported prostheses may vary according to the number of implants required by the patient and the type of prosthesis.<\/p>","protected":false},"excerpt":{"rendered":"<p>Hi\u00e7 di\u015fi olmayan ancak yeterli miktarda kemik dokuya sahip ki\u015filerde s\u0131kl\u0131kla ba\u015fvurulan implant \u00fcst\u00fc protezler veya di\u011fer bir deyi\u015fle implant destekli protezler sabit veya hareketli olmak \u00fczere iki farkl\u0131 se\u00e7ene\u011fi bulunan ve tamamen di\u015fsiz hastalar\u0131n \u00e7i\u011fneme fonksiyonunu do\u011fru ve etkili bir \u015fekilde yerine getirmelerini sa\u011flayan etkin bir tedavi y\u00f6ntemidir. K\u0131smi di\u015f kayb\u0131na u\u011frayan hastalar i\u00e7in de etkin bir y\u00f6ntem olan \u0130mplant \u00fcst\u00fc protezlerde;\u00a0 implant \u00fcst\u00fc sabit protezler, tek kuron ya da t\u00fcm protez \u015feklinde uygulanmakta hareketli protezler ise a\u011fz\u0131nda hi\u00e7 di\u015fi kalmayan hastalara uygulan\u0131r. \u00c7ene kemi\u011fine sabitlenen implant\u0131n \u00fczerine yerle\u015ftirilen bu protezler, olduk\u00e7a g\u00fcvenli ve konforlu bir i\u015flem prosed\u00fcr\u00fcne sahiptir. Ayn\u0131 zamanda ekonomik bir tedavi se\u00e7ene\u011fidir. \u0130mplant \u00fcst\u00fc protezlerde, her bir di\u015f i\u00e7in implant kullanmaya gerek yoktur. \u00c7enenin kilit noktalar\u0131ndaki di\u015flerin oldu\u011fu yere implantlar\u0131n yerle\u015ftirilmesi, protezlerin etkin uygulanmas\u0131 i\u00e7in yeterlidir. Hastadan hastaya de\u011fi\u015fmekle birlikte genelde tamamen di\u015fsiz bir hasta i\u00e7in 6 implant yeterli olabilmektedir.\u00a0 Konforlu bir uygulama olmakla birlikte implant [&hellip;]<\/p>","protected":false},"author":1,"featured_media":0,"parent":0,"menu_order":0,"comment_status":"closed","ping_status":"closed","template":"","meta":[],"_links":{"self":[{"href":"https:\/\/alpertaskaldiran.com\/en\/wp-json\/wp\/v2\/pages\/7166"}],"collection":[{"href":"https:\/\/alpertaskaldiran.com\/en\/wp-json\/wp\/v2\/pages"}],"about":[{"href":"https:\/\/alpertaskaldiran.com\/en\/wp-json\/wp\/v2\/types\/page"}],"author":[{"embeddable":true,"href":"https:\/\/alpertaskaldiran.com\/en\/wp-json\/wp\/v2\/users\/1"}],"replies":[{"embeddable":true,"href":"https:\/\/alpertaskaldiran.com\/en\/wp-json\/wp\/v2\/comments?post=7166"}],"version-history":[{"count":2,"href":"https:\/\/alpertaskaldiran.com\/en\/wp-json\/wp\/v2\/pages\/7166\/revisions"}],"predecessor-version":[{"id":7275,"href":"https:\/\/alpertaskaldiran.com\/en\/wp-json\/wp\/v2\/pages\/7166\/revisions\/7275"}],"wp:attachment":[{"href":"https:\/\/alpertaskaldiran.com\/en\/wp-json\/wp\/v2\/media?parent=7166"}],"curies":[{"name":"wp","href":"https:\/\/api.w.org\/{rel}","templated":true}]}}