{"id":7169,"date":"2020-12-19T09:44:24","date_gmt":"2020-12-19T09:44:24","guid":{"rendered":"http:\/\/alpertaskaldiran.com\/?page_id=7169"},"modified":"2021-02-02T19:20:51","modified_gmt":"2021-02-02T19:20:51","slug":"inlay-onlay-porselen-dolgu","status":"publish","type":"page","link":"https:\/\/alpertaskaldiran.com\/en\/inlay-onlay-porselen-dolgu\/","title":{"rendered":"Inlay - Onlay Porcelain Filling"},"content":{"rendered":"<p><img loading=\"lazy\" class=\"size-medium wp-image-7276 alignleft\" src=\"http:\/\/alpertaskaldiran.com\/wp-content\/uploads\/2021\/02\/inlaydolgu-300x169.jpg\" alt=\"\" width=\"300\" height=\"169\" srcset=\"https:\/\/alpertaskaldiran.com\/wp-content\/uploads\/2021\/02\/inlaydolgu-300x169.jpg 300w, https:\/\/alpertaskaldiran.com\/wp-content\/uploads\/2021\/02\/inlaydolgu-1024x576.jpg 1024w, https:\/\/alpertaskaldiran.com\/wp-content\/uploads\/2021\/02\/inlaydolgu-768x432.jpg 768w, https:\/\/alpertaskaldiran.com\/wp-content\/uploads\/2021\/02\/inlaydolgu-340x191.jpg 340w, https:\/\/alpertaskaldiran.com\/wp-content\/uploads\/2021\/02\/inlaydolgu-600x338.jpg 600w, https:\/\/alpertaskaldiran.com\/wp-content\/uploads\/2021\/02\/inlaydolgu-125x70.jpg 125w, https:\/\/alpertaskaldiran.com\/wp-content\/uploads\/2021\/02\/inlaydolgu.jpg 1280w\" sizes=\"(max-width: 300px) 100vw, 300px\" \/>Porcelain fillings are one of the important procedures in dental restoration. Porcelain fillings, which are used in dental caries, discoloration occurring as a result of irregular and poor oral care or traumatic minor fractures, are an alternative to composite fillings. However, unlike composite fillings, they are produced specifically for the patient in the laboratory according to the size of patient's teeth. In this context, it takes 1 more session to apply them as compared to a normal filling procedure.\u00a0<\/p>\r\n\r\n\r\n\r\n<p>Porcelain fillings are separated as inlays and onlays and they are used in different areas. Inlay porcelain fillings are used to restore damaged part within the tooth without removing any outer structure of the tooth that is intact, while onlay porcelain fillings are used if there is excessive substance loss in the tooth including the tooth side tissues.\u2028\u00a0<\/p>\r\n\r\n\r\n\r\n<p>The application of Inlay - Onlay fillings is similar to composite fillings. The only difference is that they are prepared specially for the patient, and it takes some time to determine the filling size and prepare porcelain fillings before application. As for the composite fillings, first the dental caries are removed, if any, and then sizes of the teeth are determined. Since the porcelain fillings will be placed in the next session, temporary filling is applied between two sessions so that the patient does not have any trouble. In the second session, first of all fitting of the filling prepared for the patient is checked, and if there is no problem, inlay - onlay porcelain fillings are placed into the patient\u2019s mouth, using special porcelain filling adhesives.\u00a0<\/p>\r\n\r\n\r\n\r\n<p>Inlay - Onlay fillings never decay like teeth and never change color since their surfaces are polished. However, dental care should never be disrupted by relying on this. Although there will be no problem in the fillings when oral hygiene is not fully provided, problems may occur in the natural tooth structure where the filling is applied.\u00a0<\/p>\r\n\r\n\r\n\r\n<p>You can protect your dental health and extend the life of performed dental treatments with regular and effective oral care.\u00a0<\/p>","protected":false},"excerpt":{"rendered":"<p>Porselen dolgular di\u015f restorasyonunda \u00f6nemli yer tutan i\u015flemlerden biridir. D\u00fczenli veya etkili, do\u011fru \u015fekilde yap\u0131lmayan a\u011f\u0131z bak\u0131m\u0131 sonucunda ortaya \u00e7\u0131kan di\u015f \u00e7\u00fcr\u00fcklerinde, renk de\u011fi\u015fikliklerinde veya travmaya ba\u011fl\u0131 k\u00fc\u00e7\u00fck \u00e7apl\u0131 k\u0131r\u0131kl\u0131klarda kullan\u0131lan porselen dolgular, kompozit dolgular\u0131n bir alternatifidir. Ancak kompozit dolgulardan farkl\u0131 olarak hastaya \u00f6zel \u015fekilde laboraturda hastan\u0131n \u00f6l\u00e7\u00fcleri do\u011frultusunda \u00fcretilirler. Bu kapsamda da normal bir dolgu i\u015flemine g\u00f6re uygulanmalar\u0131 1 seans daha fazla s\u00fcrmektedir.\u00a0 Kendi aras\u0131nda inlay ve onlay olarak ayr\u0131lan porselen dolgular\u0131 kullan\u0131m alanlar\u0131 birbirinden farkl\u0131d\u0131r. Inlay porselen dolgulara, halihaz\u0131rda var olan di\u015fin kenar dokular\u0131n\u0131n sa\u011flam olmas\u0131 durumda ba\u015fvurulurken onlay porselen dokulara ise di\u015f kenar dokular\u0131 da dahil olmak \u00fczere e\u011fer di\u015fte \u00e7ok daha fazla madde kayb\u0131 varsa ba\u015fvurulur.\u00a0 Inlay &#8211; Onlay dolgular\u0131n uygulan\u0131\u015f\u0131 kompozit dolgularla benzerlik g\u00f6stermektedir. Tek fark ki\u015fiye \u00f6zel haz\u0131rland\u0131klar\u0131 i\u00e7in uygulama \u00f6ncesi bir \u00f6l\u00e7\u00fc al\u0131m\u0131 ve porselen dolgular\u0131n haz\u0131rlanma s\u00fcresi vard\u0131r. Kompozit dolgulardaki gibi \u00f6ncesinde varsa di\u015flerdeki \u00e7\u00fcr\u00fckler temizlenir ard\u0131ndan di\u015flerin \u00f6l\u00e7\u00fcs\u00fc al\u0131n\u0131r. Porselen dolgular [&hellip;]<\/p>","protected":false},"author":1,"featured_media":0,"parent":0,"menu_order":0,"comment_status":"closed","ping_status":"closed","template":"","meta":[],"_links":{"self":[{"href":"https:\/\/alpertaskaldiran.com\/en\/wp-json\/wp\/v2\/pages\/7169"}],"collection":[{"href":"https:\/\/alpertaskaldiran.com\/en\/wp-json\/wp\/v2\/pages"}],"about":[{"href":"https:\/\/alpertaskaldiran.com\/en\/wp-json\/wp\/v2\/types\/page"}],"author":[{"embeddable":true,"href":"https:\/\/alpertaskaldiran.com\/en\/wp-json\/wp\/v2\/users\/1"}],"replies":[{"embeddable":true,"href":"https:\/\/alpertaskaldiran.com\/en\/wp-json\/wp\/v2\/comments?post=7169"}],"version-history":[{"count":2,"href":"https:\/\/alpertaskaldiran.com\/en\/wp-json\/wp\/v2\/pages\/7169\/revisions"}],"predecessor-version":[{"id":7277,"href":"https:\/\/alpertaskaldiran.com\/en\/wp-json\/wp\/v2\/pages\/7169\/revisions\/7277"}],"wp:attachment":[{"href":"https:\/\/alpertaskaldiran.com\/en\/wp-json\/wp\/v2\/media?parent=7169"}],"curies":[{"name":"wp","href":"https:\/\/api.w.org\/{rel}","templated":true}]}}