{"id":7172,"date":"2020-12-19T09:44:55","date_gmt":"2020-12-19T09:44:55","guid":{"rendered":"http:\/\/alpertaskaldiran.com\/?page_id=7172"},"modified":"2021-02-02T19:22:25","modified_gmt":"2021-02-02T19:22:25","slug":"kompozit-dolgu","status":"publish","type":"page","link":"https:\/\/alpertaskaldiran.com\/en\/kompozit-dolgu\/","title":{"rendered":"Composite Filling"},"content":{"rendered":"<p><img loading=\"lazy\" class=\"size-medium wp-image-7278 alignleft\" src=\"http:\/\/alpertaskaldiran.com\/wp-content\/uploads\/2021\/02\/kompozit-dolgu-kapak-300x220.jpg\" alt=\"\" width=\"300\" height=\"220\" srcset=\"https:\/\/alpertaskaldiran.com\/wp-content\/uploads\/2021\/02\/kompozit-dolgu-kapak-300x220.jpg 300w, https:\/\/alpertaskaldiran.com\/wp-content\/uploads\/2021\/02\/kompozit-dolgu-kapak-1024x749.jpg 1024w, https:\/\/alpertaskaldiran.com\/wp-content\/uploads\/2021\/02\/kompozit-dolgu-kapak-768x562.jpg 768w, https:\/\/alpertaskaldiran.com\/wp-content\/uploads\/2021\/02\/kompozit-dolgu-kapak-340x249.jpg 340w, https:\/\/alpertaskaldiran.com\/wp-content\/uploads\/2021\/02\/kompozit-dolgu-kapak-600x439.jpg 600w, https:\/\/alpertaskaldiran.com\/wp-content\/uploads\/2021\/02\/kompozit-dolgu-kapak-125x91.jpg 125w, https:\/\/alpertaskaldiran.com\/wp-content\/uploads\/2021\/02\/kompozit-dolgu-kapak.jpg 1230w\" sizes=\"(max-width: 300px) 100vw, 300px\" \/>Resin fillings, also known as composite fillings, in which many chemicals and ceramics are used, play an important role in the performance of chewing function comfortably by the patient. Composite filling able to match the color of the patient\u2019s teeth results in procedures with high patient satisfaction and pleasing outcomes.\u00a0<\/p>\r\n\r\n\r\n\r\n<p>As in all filling procedures, the dental health of the person to be treated is very important in composite fillings. If there is any decay in the tooth to be filled, that decay is cleaned up before the composite filling and the tooth is prepared for composite filling. Local anesthetics can be used during removal of decay, if necessary, thus the process proceeds very comfortably for the patient. Filling material is applied to the tooth to restore the function, integrity and morphology of the missing tooth structure. Although it is a comfortable and reliable process, cold and hot tooth sensitivity may be experienced for a while after composite filling. This is completely natural. This sensitivity will pass in a few days without the need for any additional intervention.<\/p>\r\n\r\n\r\n\r\n<p>It is not possible to talk about a standard cost or a standard application time for composite filling treatments, which are reliable, comfortable and effective. This is because the procedures that have to be performed vary from one person to another. It may be necessary to intervene in dental diseases such as decay, etc. as mentioned above. Apart from this, if only composite filling is to take place and there will be no additional procedure, it is important to determine the tooth to be treated at this point. All teeth cannot be intervened in the same time.<\/p>\r\n\r\n\r\n\r\n<p>It is much healthier to determine the final price and the treatment details of composite fillings after a general dental examination.\u2028\u00a0<\/p>\r\n\r\n\r\n\r\n<p>You can contact with us for detailed information about composite filling treatments, your questions and your appointment requests.\u00a0<\/p>\r\n\r\n\r\n\r\n<p>Take a step to get healthy teeth today!<\/p>","protected":false},"excerpt":{"rendered":"<p>\u0130\u00e7erisinde pek \u00e7ok kimyasal ve seramik kullan\u0131lan re\u00e7ine dolgular veya bilinen bir di\u011fer ad\u0131yla kompozit dolgular, ki\u015finin \u00e7i\u011fneme fonksiyonunu rahat bir \u015fekilde ger\u00e7ekle\u015ftirebilmesinde \u00f6nemli rol oynar. Hastalar\u0131n di\u015fleri ile renk uyumunun sa\u011flanabildi\u011fi kompozit dolgular, y\u00fcksek hasta memnuniyeti sa\u011flay\u0131p y\u00fcz g\u00fcld\u00fcren sonu\u00e7lar ald\u0131\u011f\u0131m\u0131z i\u015flemlerdir.\u00a0 T\u00fcm dolgu i\u015flemlerinde oldu\u011fu gibi kompozit dolgularda da i\u015flemin yap\u0131laca\u011f\u0131 ki\u015finin di\u015f sa\u011fl\u0131\u011f\u0131 olduk\u00e7a \u00f6nemlidir. E\u011fer dolgu yap\u0131lacak i\u015flemde herhangi bir \u00e7\u00fcr\u00fck varsa kompozit dolgu i\u015fleminden \u00f6nce o \u00e7\u00fcr\u00fck temizlenir ve di\u015f kompozit dolguya haz\u0131r hale getirilir. \u00c7\u00fcr\u00fc\u011f\u00fcn temizlenmesi esnas\u0131nda e\u011fer ihtiya\u00e7 duyulursa lokal anestetikler kullan\u0131labilmekte b\u00f6ylelikle hastan\u0131n t\u00fcm s\u00fcreci konforlu \u015fekilde ge\u00e7irmesi sa\u011flayabilmektedir.\u00a0 Dolgu maddesi, di\u015fe uyguland\u0131ktan sonra di\u015fin yap\u0131s\u0131na, morfolojisine uygun olarak di\u015fe uyumlu hale getirilir. Konforlu ve g\u00fcvenilir bir i\u015flem olmakla birlikte kompozit dolgu sonras\u0131 bir s\u00fcre so\u011fuk-s\u0131cak hassasiyeti ya\u015fanabilir. Bu tamam\u0131yla do\u011fald\u0131r. Ek herhangi bir m\u00fcdahaleye gerek olmaks\u0131z\u0131n bu hassasiyet birka\u00e7 g\u00fcn i\u00e7erisinde ge\u00e7mektedir. G\u00fcvenilir, konforlu bir o kadar da etkin olan kompozit [&hellip;]<\/p>","protected":false},"author":1,"featured_media":0,"parent":0,"menu_order":0,"comment_status":"closed","ping_status":"closed","template":"","meta":[],"_links":{"self":[{"href":"https:\/\/alpertaskaldiran.com\/en\/wp-json\/wp\/v2\/pages\/7172"}],"collection":[{"href":"https:\/\/alpertaskaldiran.com\/en\/wp-json\/wp\/v2\/pages"}],"about":[{"href":"https:\/\/alpertaskaldiran.com\/en\/wp-json\/wp\/v2\/types\/page"}],"author":[{"embeddable":true,"href":"https:\/\/alpertaskaldiran.com\/en\/wp-json\/wp\/v2\/users\/1"}],"replies":[{"embeddable":true,"href":"https:\/\/alpertaskaldiran.com\/en\/wp-json\/wp\/v2\/comments?post=7172"}],"version-history":[{"count":2,"href":"https:\/\/alpertaskaldiran.com\/en\/wp-json\/wp\/v2\/pages\/7172\/revisions"}],"predecessor-version":[{"id":7279,"href":"https:\/\/alpertaskaldiran.com\/en\/wp-json\/wp\/v2\/pages\/7172\/revisions\/7279"}],"wp:attachment":[{"href":"https:\/\/alpertaskaldiran.com\/en\/wp-json\/wp\/v2\/media?parent=7172"}],"curies":[{"name":"wp","href":"https:\/\/api.w.org\/{rel}","templated":true}]}}