{"id":7175,"date":"2020-12-19T09:45:23","date_gmt":"2020-12-19T09:45:23","guid":{"rendered":"http:\/\/alpertaskaldiran.com\/?page_id=7175"},"modified":"2021-02-02T19:24:05","modified_gmt":"2021-02-02T19:24:05","slug":"metal-destekli-porselen-kaplama","status":"publish","type":"page","link":"https:\/\/alpertaskaldiran.com\/en\/metal-destekli-porselen-kaplama\/","title":{"rendered":"Metal Supported Porcelain Veneer"},"content":{"rendered":"<p><img loading=\"lazy\" class=\"size-medium wp-image-7280 alignleft\" src=\"http:\/\/alpertaskaldiran.com\/wp-content\/uploads\/2021\/02\/metal-destekli-porselen-300x169.jpg\" alt=\"\" width=\"300\" height=\"169\" srcset=\"https:\/\/alpertaskaldiran.com\/wp-content\/uploads\/2021\/02\/metal-destekli-porselen-300x169.jpg 300w, https:\/\/alpertaskaldiran.com\/wp-content\/uploads\/2021\/02\/metal-destekli-porselen-1024x576.jpg 1024w, https:\/\/alpertaskaldiran.com\/wp-content\/uploads\/2021\/02\/metal-destekli-porselen-768x432.jpg 768w, https:\/\/alpertaskaldiran.com\/wp-content\/uploads\/2021\/02\/metal-destekli-porselen-340x191.jpg 340w, https:\/\/alpertaskaldiran.com\/wp-content\/uploads\/2021\/02\/metal-destekli-porselen-600x338.jpg 600w, https:\/\/alpertaskaldiran.com\/wp-content\/uploads\/2021\/02\/metal-destekli-porselen-125x70.jpg 125w, https:\/\/alpertaskaldiran.com\/wp-content\/uploads\/2021\/02\/metal-destekli-porselen.jpg 1200w\" sizes=\"(max-width: 300px) 100vw, 300px\" \/>Porcelain veneer application, which is a prosthetic application, is an application that is frequently used in aesthetic dentistry, especially in the restoration of the posterior teeth in the lower jaw. Metal supported porcelain veneers, which are widely used since they are highly durable and custom-made for the patients and perfectly fit into the mouth, are applied in case of excessive staining, cracks, fractures, yellowing and so on. Porcelain veneers with metal support make teeth look healthy and beautiful again and they have some advantages and disadvantages.\u00a0<\/p>\r\n\r\n\r\n\r\n<p>The most important advantage of them is that they are very long-lasting and durable thanks to the metal support. Moreover, since they fit to the teeth, they protect the underlying tooth and also provide comfort of use for the patient. And they can also be used easily by acting as a bridge in large gaps with more missing teeth. In addition, metal supported porcelain veneer application is much more economical than other applications such as Zirconium.\u00a0<\/p>\r\n\r\n\r\n\r\n<p>They have some disadvantages: Metal supported porcelain veneers have low light transmittance due to the metals in them. They reflect the light as opaque. This is the biggest feature that distinguishes it from zirconium coatings. Even if it is made close to the natural color of the tooth, an exact natural appearance cannot be obtained as in Zirconium. For this reason, metal supported veneers are generally used on posterior teeth; they are mostly not preferred in front teeth. In addition, a minor yet distinct color difference occurs in metal supported veneers at the gum level.\u00a0<\/p>\r\n\r\n\r\n\r\n<p>The average duration of metal supported porcelain veneer treatment performed under local anesthesia is 10 days. The patient's teeth to be treated are reduced and prepared for coating during general examination. Subsequently, the size of the teeth is determined and preparation of the veneers begins. During this period, temporary teeth are fitted to the patient so that the patient does not have to be toothless and appointment is made for the veneer. After the veneers are ready, they are adhered to the patient's teeth with a special adhesive. This process, which continues in sessions, is completed in 10 days on average as mentioned above.\u00a0<\/p>\r\n\r\n\r\n\r\n<p>Although the metal supported porcelain veneers are more economical, it may vary from patient to patient depending on the scope of the procedure and the number of teeth. It is important to perform a general dental examination for the patient in order to determine the final price and application time.\u00a0<\/p>","protected":false},"excerpt":{"rendered":"<p>Bir protez uygulamas\u0131 olan porselen di\u015f uygulamas\u0131, estetik di\u015f hekimli\u011finde \u00f6zellikle alt \u00e7ene arka di\u015flerin restorasyonunda s\u0131kl\u0131kla kullan\u0131lan bir uygulamad\u0131r. Olduk\u00e7a sa\u011flam olmas\u0131 ve ki\u015fiye \u00f6zel olarak haz\u0131rland\u0131\u011f\u0131 i\u00e7in a\u011f\u0131zla tam uyum sa\u011flamas\u0131 nedeniyle yayg\u0131n olarak kullan\u0131lan metal destekli porselen kaplamaya di\u015flerde a\u015f\u0131r\u0131 lekelenme, \u00e7atlaklar, k\u0131r\u0131klar, sararmalar vb. durumlarda ba\u015fvurulur. Di\u015flerin yeniden sa\u011fl\u0131kl\u0131 ve g\u00fczel g\u00f6r\u00fcnmesini sa\u011flayan metal destekli porselen kaplaman\u0131n kendi i\u00e7erisinde avantajlar\u0131 ve dezavantajlar\u0131 bulunmaktad\u0131r.\u00a0 En \u00f6nemli avantaj\u0131, i\u00e7erisindeki metal deste\u011fi sayesinde olduk\u00e7a uzun \u00f6m\u00fcrl\u00fc ve sa\u011flam olmas\u0131d\u0131r. Bununla birlikte di\u015flerin \u00fczerine tam oturtuldu\u011fu i\u00e7in hem alttaki di\u015fi korur hem de kullan\u0131m a\u00e7\u0131s\u0131ndan hastaya olduk\u00e7a konfor sa\u011flar. Bununla birlikte fazla di\u015f kay\u0131plar\u0131n\u0131n oldu\u011fu b\u00fcy\u00fck bo\u015fluklarda da k\u00f6pr\u00fc g\u00f6revi g\u00f6rerek rahatl\u0131kla kullan\u0131labilir. Ek olarak, metal destekli porselen kaplama uygulamas\u0131, Zirkonyum gibi di\u011fer uygulamalara oranla \u00e7ok daha ekonomiktir.\u00a0 Dezavantajlar\u0131na gelecek olursak; metal destekli porselen kaplamalar\u0131n, i\u00e7erisindeki metaller nedeni ile \u0131\u015f\u0131k ge\u00e7irgenli\u011fi d\u00fc\u015f\u00fckt\u00fcr. I\u015f\u0131\u011f\u0131 opak olarak yans\u0131t\u0131r. Zirkonyum kaplamalardan onu ay\u0131ran [&hellip;]<\/p>","protected":false},"author":1,"featured_media":0,"parent":0,"menu_order":0,"comment_status":"closed","ping_status":"closed","template":"","meta":[],"_links":{"self":[{"href":"https:\/\/alpertaskaldiran.com\/en\/wp-json\/wp\/v2\/pages\/7175"}],"collection":[{"href":"https:\/\/alpertaskaldiran.com\/en\/wp-json\/wp\/v2\/pages"}],"about":[{"href":"https:\/\/alpertaskaldiran.com\/en\/wp-json\/wp\/v2\/types\/page"}],"author":[{"embeddable":true,"href":"https:\/\/alpertaskaldiran.com\/en\/wp-json\/wp\/v2\/users\/1"}],"replies":[{"embeddable":true,"href":"https:\/\/alpertaskaldiran.com\/en\/wp-json\/wp\/v2\/comments?post=7175"}],"version-history":[{"count":2,"href":"https:\/\/alpertaskaldiran.com\/en\/wp-json\/wp\/v2\/pages\/7175\/revisions"}],"predecessor-version":[{"id":7281,"href":"https:\/\/alpertaskaldiran.com\/en\/wp-json\/wp\/v2\/pages\/7175\/revisions\/7281"}],"wp:attachment":[{"href":"https:\/\/alpertaskaldiran.com\/en\/wp-json\/wp\/v2\/media?parent=7175"}],"curies":[{"name":"wp","href":"https:\/\/api.w.org\/{rel}","templated":true}]}}