{"id":7178,"date":"2020-12-19T09:45:58","date_gmt":"2020-12-19T09:45:58","guid":{"rendered":"http:\/\/alpertaskaldiran.com\/?page_id=7178"},"modified":"2021-02-02T19:26:21","modified_gmt":"2021-02-02T19:26:21","slug":"porselen-laminate-veneer","status":"publish","type":"page","link":"https:\/\/alpertaskaldiran.com\/en\/porselen-laminate-veneer\/","title":{"rendered":"Porcelain Laminate Veneer"},"content":{"rendered":"<p><img loading=\"lazy\" class=\"size-medium wp-image-7282 alignleft\" src=\"http:\/\/alpertaskaldiran.com\/wp-content\/uploads\/2021\/02\/700x-300x150.jpeg\" alt=\"\" width=\"300\" height=\"150\" srcset=\"https:\/\/alpertaskaldiran.com\/wp-content\/uploads\/2021\/02\/700x-300x150.jpeg 300w, https:\/\/alpertaskaldiran.com\/wp-content\/uploads\/2021\/02\/700x-340x170.jpeg 340w, https:\/\/alpertaskaldiran.com\/wp-content\/uploads\/2021\/02\/700x-600x300.jpeg 600w, https:\/\/alpertaskaldiran.com\/wp-content\/uploads\/2021\/02\/700x-125x63.jpeg 125w, https:\/\/alpertaskaldiran.com\/wp-content\/uploads\/2021\/02\/700x.jpeg 700w\" sizes=\"(max-width: 300px) 100vw, 300px\" \/>Porcelain Laminate Veneer, also known as Leaf Porcelain, is one of the applications that are commonly applied in aesthetic dentistry. It is also called as leaf porcelain since it is applied in thin layers onto the tooth one by one. The tooth surface is sometimes slightly abraded (you can think of it as removing the roughness) or sometimes can be applied directly on the teeth without the need for such an application in line with the needs of the person.\u00a0<\/p>\r\n\r\n\r\n\r\n<p>Porcelain Laminate Veneer (leaf porcelain) application is a procedure that is used especially in case of intense staining on teeth and low-diameter tooth distortions.\u00a0<\/p>\r\n\r\n\r\n\r\n<p>It is a very reliable and comfortable procedure and its application time may increase in line with the width of the area to be treated since it is applied to the tooth surface one by one.\u2028 Although it can be easily applied to many patients, Porcelain Laminate Veneer (leaf porcelain) application requires additional supports for the patients with teeth clenching or grinding problem. A night plaque is given to the patients with these problems in order to be used at night. This plaque will partially prevent teeth clenching and will also prevent deformation of the Porcelain Laminate Veneer since it will prevent the teeth from grinding against each other. If you do not have a health problem such as teeth grinding or clenching, no additional application or material is required after the Porcelain Laminate Veneer (leaf porcelain) application.\u00a0<\/p>\r\n\r\n\r\n\r\n<p>Porcelain Laminate Veneer application is one of the ideal aesthetic dentistry applications for the patients, who want to have beautiful smiles but complain about minor deformations in their teeth.<\/p>\r\n\r\n\r\n\r\n<p>For detailed information about the Porcelain Laminate Veneer application, you can contact our clinic and ask what you are curious about, and make an appointment for the Porcelain Laminate Veneer application.\u00a0<\/p>\r\n\r\n\r\n\r\n<p>Call now for the Porcelain Laminate Veneer (leaf porcelain) application, which allows a brighter and aesthetic smile with a little touch on the teeth!\u00a0<\/p>","protected":false},"excerpt":{"rendered":"<p>Porselen Laminate Veneer veya bilinen bir di\u011fer ad\u0131yla Yaprak Porselen, estetik di\u015f hekimli\u011finde yayg\u0131n olarak ba\u015fvurdu\u011fumuz uygulamalardan biridir. Yaprak porselen denmesinin ince tabakalar olmas\u0131 ve di\u015fe tek tek bu \u015fekilde uygulanmas\u0131d\u0131r. Ki\u015finin ihtiya\u00e7lar\u0131 do\u011frultusunda bazen di\u015f y\u00fczeyi hafif\u00e7e a\u015f\u0131nd\u0131r\u0131larak (bunu p\u00fcr\u00fczlerin giderilmesi gibi d\u00fc\u015f\u00fcnebilirsiniz) bazen de hi\u00e7 bu t\u00fcr bir uygulamaya gerek duymadan direkt di\u015fler \u00fczerine uygulanabilir.\u00a0 Porselen Laminate Veneer (yaprak porselen) uygulamas\u0131, \u00f6zellikle di\u015flerde yo\u011fun lekelenmeler olan durumlarda ve d\u00fc\u015f\u00fck \u00e7apl\u0131 di\u015f \u00e7arp\u0131kl\u0131klar\u0131nda ba\u015fvurulan bir i\u015flemdir.\u00a0 Olduk\u00e7a g\u00fcvenilir ve konforlu bir i\u015flem olmakla birlikte di\u015f y\u00fczeyine tek tek uyguland\u0131\u011f\u0131 i\u00e7in uygulama s\u00fcresi i\u015flem yap\u0131lacak alan\u0131n geni\u015fli\u011fi do\u011frultusunda art\u0131\u015f g\u00f6sterebilmektedir. Pek \u00e7ok hastaya rahat\u00e7a uygulanabilmekle birlikte Porselen Laminate Veneer (yaprak porselen) uygulamas\u0131, di\u015f s\u0131kma veya di\u015f g\u0131c\u0131rdatma hastalar\u0131nda ek desteklere ihtiya\u00e7 duyar. Bu rahats\u0131zl\u0131klar\u0131 olan hastalara gece yatarken kullanmalar\u0131 i\u00e7in gece pla\u011f\u0131 verilir. Bu plak di\u015fleri s\u0131kmay\u0131 k\u0131smi olarak engelleyecek ve di\u015flerin birbirine bask\u0131 yapmas\u0131n\u0131 bloke edece\u011fi i\u00e7in Porselen Laminate [&hellip;]<\/p>","protected":false},"author":1,"featured_media":0,"parent":0,"menu_order":0,"comment_status":"closed","ping_status":"closed","template":"","meta":[],"_links":{"self":[{"href":"https:\/\/alpertaskaldiran.com\/en\/wp-json\/wp\/v2\/pages\/7178"}],"collection":[{"href":"https:\/\/alpertaskaldiran.com\/en\/wp-json\/wp\/v2\/pages"}],"about":[{"href":"https:\/\/alpertaskaldiran.com\/en\/wp-json\/wp\/v2\/types\/page"}],"author":[{"embeddable":true,"href":"https:\/\/alpertaskaldiran.com\/en\/wp-json\/wp\/v2\/users\/1"}],"replies":[{"embeddable":true,"href":"https:\/\/alpertaskaldiran.com\/en\/wp-json\/wp\/v2\/comments?post=7178"}],"version-history":[{"count":2,"href":"https:\/\/alpertaskaldiran.com\/en\/wp-json\/wp\/v2\/pages\/7178\/revisions"}],"predecessor-version":[{"id":7283,"href":"https:\/\/alpertaskaldiran.com\/en\/wp-json\/wp\/v2\/pages\/7178\/revisions\/7283"}],"wp:attachment":[{"href":"https:\/\/alpertaskaldiran.com\/en\/wp-json\/wp\/v2\/media?parent=7178"}],"curies":[{"name":"wp","href":"https:\/\/api.w.org\/{rel}","templated":true}]}}