{"id":7181,"date":"2020-12-19T09:49:23","date_gmt":"2020-12-19T09:49:23","guid":{"rendered":"http:\/\/alpertaskaldiran.com\/?page_id=7181"},"modified":"2021-02-02T19:28:07","modified_gmt":"2021-02-02T19:28:07","slug":"sedasyon-ile-dis-tedavisi","status":"publish","type":"page","link":"https:\/\/alpertaskaldiran.com\/en\/sedasyon-ile-dis-tedavisi\/","title":{"rendered":"Dental Treatment with Sedation"},"content":{"rendered":"<p><img loading=\"lazy\" class=\"size-medium wp-image-7284 alignleft\" src=\"http:\/\/alpertaskaldiran.com\/wp-content\/uploads\/2021\/02\/sedasyon-1-300x193.jpeg\" alt=\"\" width=\"300\" height=\"193\" srcset=\"https:\/\/alpertaskaldiran.com\/wp-content\/uploads\/2021\/02\/sedasyon-1-300x193.jpeg 300w, https:\/\/alpertaskaldiran.com\/wp-content\/uploads\/2021\/02\/sedasyon-1-1024x659.jpeg 1024w, https:\/\/alpertaskaldiran.com\/wp-content\/uploads\/2021\/02\/sedasyon-1-768x494.jpeg 768w, https:\/\/alpertaskaldiran.com\/wp-content\/uploads\/2021\/02\/sedasyon-1-340x219.jpeg 340w, https:\/\/alpertaskaldiran.com\/wp-content\/uploads\/2021\/02\/sedasyon-1-600x386.jpeg 600w, https:\/\/alpertaskaldiran.com\/wp-content\/uploads\/2021\/02\/sedasyon-1-125x80.jpeg 125w, https:\/\/alpertaskaldiran.com\/wp-content\/uploads\/2021\/02\/sedasyon-1.jpeg 1077w\" sizes=\"(max-width: 300px) 100vw, 300px\" \/>We can describe sedation that provides temporary relief and a kind of sleepiness to the patient as a mild but effective type of anesthesia. Although sedation is usually applied by injecting drugs into a vein as anesthesia, it can also be performed with sedative drugs which can be given orally or through inhalation.<\/p>\r\n\r\n\r\n\r\n<p>The purpose of sedation is to relax the patients for the procedure and to make them sleepy by maintaining their reflexes. Thus, the patient does not feel any pain during the procedure, and mostly the patient does not even remember the procedures performed or the sounds during the procedure when the effect of sedation passes after the procedure. Therefore, the use of sedation is an effective method. Sometimes, it might be required to maintain the reflexes of the patients during the dental procedure to be applied. At this point, sedation is a good method.\u00a0<\/p>\r\n\r\n\r\n\r\n<p>Dental treatment with sedation is the ideal method for the patients who experience dentist phobia or delay their dental examinations due to various health problems such as fear and anxiety. The patients do not lose control since they are not be completely asleep, and they do not experience a traumatic situation that will prevent them from coming to the clinic again since they do not remember the procedure due to the method used.\u00a0<\/p>\r\n\r\n\r\n\r\n<p>The comfort of the patient during the treatment is as important as the treatments to be applied. In addition to the effectiveness of the treatments, it is also important that the patient will not experience any pain and will feel comfortable without any tension during the procedures.\u00a0<\/p>\r\n\r\n\r\n\r\n<p>For detailed information about dental treatments using sedation, you can contact our clinic and ask what you are curious about, and make an appointment for your dental treatment.<\/p>\r\n\r\n\r\n\r\n<p>Don\u2019t forget! Dental treatments with sedation are effective, comfortable and practical procedures. You can get rid of the feelings of fear and panic that result in delaying or avoiding your dental treatments with a comfortable sedation procedure, and thus you can easily have the necessary dental treatment and reach healthy smiles.\u00a0<\/p>\r\n\r\n\r\n\r\n<p>Do not neglect your dental health!<\/p>","protected":false},"excerpt":{"rendered":"<p>Hastaya ge\u00e7ici olarak rahatlama, bir nevi uyku hali sa\u011flayan sedasyon i\u00e7in hafif ancak etkili bir anestezi t\u00fcr\u00fc diyebiliriz. Sedasyon anestezi gibi damar yolu ile\u00a0 ila\u00e7 enjekte edilmesi \u015feklinde uygulanmakla birlikte solunum yoluyla veya a\u011f\u0131zdan al\u0131nan ila\u00e7larla da yap\u0131labilmektedir. Sedasyonda ama\u00e7, hastan\u0131n refkleslerinin korunarak hastay\u0131 i\u015flem i\u00e7in rahatlatma ve bir nevi uyku haline getirmektir. B\u00f6ylelikle i\u015flem esnas\u0131nda hasta herhangi bir a\u011fr\u0131 veya ac\u0131 hissetmez, hatta \u00e7o\u011fu zaman i\u015flemden sonra sedasyonun etkisi ge\u00e7ti\u011finde hasta yap\u0131lan i\u015flemleri veya i\u015flem esnas\u0131nda \u00e7\u0131kan sesleri dahi hat\u0131rlamaz. Bu nedenle sedasyon kullan\u0131m\u0131 etkili bir y\u00f6ntemdir. \u00c7\u00fcnk\u00fc baz\u0131 hastalarda yap\u0131lacak i\u015flem kapsam\u0131nda hastan\u0131n reflekslerinin korunmas\u0131na ihtiya\u00e7 duyulabilir. Bu noktada sedasyon iyi bir y\u00f6ntemdir.\u00a0 Sedasyon ile di\u015f tedavisi, di\u015f hekimi fobisi ya\u015fayan veya anksiyete, kayg\u0131 gibi \u00e7e\u015fitli sa\u011fl\u0131k sorunlar\u0131 nedeni ile di\u015f muayenelerini aksatan hastalar i\u00e7in ideal y\u00f6ntemdir. Hasta hem tamamen uyutulmayaca\u011f\u0131 i\u00e7in kontrol\u00fc kaybetmez hem de kullan\u0131lan y\u00f6ntem nedeni ile i\u015flemi hat\u0131rlamayaca\u011f\u0131 i\u00e7in yeniden klini\u011fe gelmesini engelleyecek onu [&hellip;]<\/p>","protected":false},"author":1,"featured_media":0,"parent":0,"menu_order":0,"comment_status":"closed","ping_status":"closed","template":"","meta":[],"_links":{"self":[{"href":"https:\/\/alpertaskaldiran.com\/en\/wp-json\/wp\/v2\/pages\/7181"}],"collection":[{"href":"https:\/\/alpertaskaldiran.com\/en\/wp-json\/wp\/v2\/pages"}],"about":[{"href":"https:\/\/alpertaskaldiran.com\/en\/wp-json\/wp\/v2\/types\/page"}],"author":[{"embeddable":true,"href":"https:\/\/alpertaskaldiran.com\/en\/wp-json\/wp\/v2\/users\/1"}],"replies":[{"embeddable":true,"href":"https:\/\/alpertaskaldiran.com\/en\/wp-json\/wp\/v2\/comments?post=7181"}],"version-history":[{"count":2,"href":"https:\/\/alpertaskaldiran.com\/en\/wp-json\/wp\/v2\/pages\/7181\/revisions"}],"predecessor-version":[{"id":7285,"href":"https:\/\/alpertaskaldiran.com\/en\/wp-json\/wp\/v2\/pages\/7181\/revisions\/7285"}],"wp:attachment":[{"href":"https:\/\/alpertaskaldiran.com\/en\/wp-json\/wp\/v2\/media?parent=7181"}],"curies":[{"name":"wp","href":"https:\/\/api.w.org\/{rel}","templated":true}]}}