{"id":7184,"date":"2020-12-19T09:52:00","date_gmt":"2020-12-19T09:52:00","guid":{"rendered":"http:\/\/alpertaskaldiran.com\/?page_id=7184"},"modified":"2021-02-02T19:31:37","modified_gmt":"2021-02-02T19:31:37","slug":"sinus-cerrahisi","status":"publish","type":"page","link":"https:\/\/alpertaskaldiran.com\/en\/sinus-cerrahisi\/","title":{"rendered":"Sinus Surgery"},"content":{"rendered":"<p><img loading=\"lazy\" class=\"size-medium wp-image-7288 alignleft\" src=\"http:\/\/alpertaskaldiran.com\/wp-content\/uploads\/2021\/02\/endoskopik-sinus-ameliyati-parktip-photo-1024x681-1-300x200.jpg\" alt=\"\" width=\"300\" height=\"200\" srcset=\"https:\/\/alpertaskaldiran.com\/wp-content\/uploads\/2021\/02\/endoskopik-sinus-ameliyati-parktip-photo-1024x681-1-300x200.jpg 300w, https:\/\/alpertaskaldiran.com\/wp-content\/uploads\/2021\/02\/endoskopik-sinus-ameliyati-parktip-photo-1024x681-1-768x511.jpg 768w, https:\/\/alpertaskaldiran.com\/wp-content\/uploads\/2021\/02\/endoskopik-sinus-ameliyati-parktip-photo-1024x681-1-340x226.jpg 340w, https:\/\/alpertaskaldiran.com\/wp-content\/uploads\/2021\/02\/endoskopik-sinus-ameliyati-parktip-photo-1024x681-1-600x399.jpg 600w, https:\/\/alpertaskaldiran.com\/wp-content\/uploads\/2021\/02\/endoskopik-sinus-ameliyati-parktip-photo-1024x681-1-128x84.jpg 128w, https:\/\/alpertaskaldiran.com\/wp-content\/uploads\/2021\/02\/endoskopik-sinus-ameliyati-parktip-photo-1024x681-1-125x83.jpg 125w, https:\/\/alpertaskaldiran.com\/wp-content\/uploads\/2021\/02\/endoskopik-sinus-ameliyati-parktip-photo-1024x681-1-755x500.jpg 755w, https:\/\/alpertaskaldiran.com\/wp-content\/uploads\/2021\/02\/endoskopik-sinus-ameliyati-parktip-photo-1024x681-1.jpg 1024w\" sizes=\"(max-width: 300px) 100vw, 300px\" \/>Maxillary sinuses, that are anatomically located near our molar teeth, are anatomical cavities located on the upper jaw. Sound formation takes place in this area, which is called sinus area. At the same time, this area also ensures decreasing of the weight of the skull. These cavities may sag down over time. Although this sagging is considered to occur as a result of natural aging of the body, it may cause problems in cases where the patient needs implant.\u00a0<\/p>\r\n\r\n\r\n\r\n<p>This sagging can be removed by a comfortable and reliable sinus surgery operation, and then the implants needed by the patient can be made.\u00a0<\/p>\r\n\r\n\r\n\r\n<p>Sinus surgery can be performed in two ways, closed or open. The treatment using open method is performed by directly reaching the sinus membrane and removing the membrane. In the closed sinus surgery method, the amount of bone is important. The sinus is reached from the area where implant will be made and the membrane is removed and the pieces taken from the patient's bone or an artificial material are placed. Sinus surgery can be performed under local anesthesia or general anesthesia in line with the method to be selected.\u00a0<\/p>\r\n\r\n\r\n\r\n<p>The aim of sinus surgery is to reshape the sagging sinus cavities and then to apply implant treatment for the edentulous (toothless) areas comfortably and effectively. Thus, sufficient amount of bone is provided for implants (special titanium screws) that are completely placed inside the bone.\u00a0<\/p>\r\n\r\n\r\n\r\n<p>Although sinus surgery is a comfortable and reliable operation, it must be performed by an experienced and well educated dentist in this field. Although sinus surgery is performed in parallel with the implant treatment, this procedure is much more difficult than the classical implant procedure.\u00a0<\/p>\r\n\r\n\r\n\r\n<p>After the application, the patient must not eat or drink anything for the first two or three hours, and then must eat food with the non-treated side during the first 24 hours. Therefore, we usually recommend our patients to consume liquid foods during this period. However, it is important that the patient must not apply pressure during nasal cleaning after this operation and must keep the mouth open while sneezing not to create a pressure inside.\u00a0<\/p>","protected":false},"excerpt":{"rendered":"<p>Anatomik olarak az\u0131 di\u015flerimizin yak\u0131n\u0131nda yer alan maksiller yani anatomik bo\u015fluklar, \u00fcst \u00e7enenin \u00fczerinde yer al\u0131rlar. Sin\u00fcs b\u00f6lgesi dedi\u011fimiz bu alanda sesin olu\u015fumu ger\u00e7ekle\u015fir. Ayn\u0131 zamanda bu b\u00f6lge kafa a\u011f\u0131rl\u0131m\u0131z\u0131n azalt\u0131lmas\u0131n\u0131 da sa\u011flamaktad\u0131r. Bu bo\u015fluklar zaman i\u00e7erisinde a\u015fa\u011f\u0131ya do\u011fru sarkabilmektedir. V\u00fccudun do\u011fal ya\u015flanma s\u00fcresi gibi d\u00fc\u015f\u00fcn\u00fclse de hastan\u0131n implanta ihtiyac\u0131 oldu\u011fu durumlarda bu sarkma problem yaratabilmektedir.\u00a0 Konforlu ve g\u00fcvenilir bir sin\u00fcs cerrahisi ile bu sarkma giderilerek hastaya ihtiya\u00e7 duydu\u011fu implantlar yap\u0131labilmektedir.\u00a0 Sin\u00fcs cerrahisi kapal\u0131 veya a\u00e7\u0131k olmak \u00fczere iki \u015fekilde yap\u0131labilmektedir. A\u00e7\u0131k olarak yap\u0131lan y\u00f6ntemde sin\u00fcs zar\u0131na direkt eri\u015filerek zar\u0131n kald\u0131r\u0131lmas\u0131yla yap\u0131l\u0131r. Kapal\u0131 olan sin\u00fcs cerrahisi y\u00f6nteminde ise kemik miktar\u0131 \u00f6nemlidir. \u0130mplant yap\u0131lacak alandan sin\u00fcse ula\u015f\u0131l\u0131r ve zar kald\u0131r\u0131larak hastan\u0131n kemi\u011finden al\u0131nan par\u00e7alar veya yapay bir materyal yerle\u015ftirilir. Se\u00e7ilecek y\u00f6ntem do\u011frultusunda sin\u00fcs cerrahisi lokal anestezi veya genel anestezi alt\u0131nda uygulanabilmektedir.\u00a0 Sin\u00fcs cerrahisinin amac\u0131, sarkm\u0131\u015f olan sin\u00fcs bo\u015fluklar\u0131n\u0131 yeniden bi\u00e7imlendirilerek di\u015fsiz b\u00f6lgelere konforlu ve etkin bir \u015fekilde implant tedavisi uygulayabilmektir. Kemi\u011fin [&hellip;]<\/p>","protected":false},"author":1,"featured_media":0,"parent":0,"menu_order":0,"comment_status":"closed","ping_status":"closed","template":"","meta":[],"_links":{"self":[{"href":"https:\/\/alpertaskaldiran.com\/en\/wp-json\/wp\/v2\/pages\/7184"}],"collection":[{"href":"https:\/\/alpertaskaldiran.com\/en\/wp-json\/wp\/v2\/pages"}],"about":[{"href":"https:\/\/alpertaskaldiran.com\/en\/wp-json\/wp\/v2\/types\/page"}],"author":[{"embeddable":true,"href":"https:\/\/alpertaskaldiran.com\/en\/wp-json\/wp\/v2\/users\/1"}],"replies":[{"embeddable":true,"href":"https:\/\/alpertaskaldiran.com\/en\/wp-json\/wp\/v2\/comments?post=7184"}],"version-history":[{"count":2,"href":"https:\/\/alpertaskaldiran.com\/en\/wp-json\/wp\/v2\/pages\/7184\/revisions"}],"predecessor-version":[{"id":7289,"href":"https:\/\/alpertaskaldiran.com\/en\/wp-json\/wp\/v2\/pages\/7184\/revisions\/7289"}],"wp:attachment":[{"href":"https:\/\/alpertaskaldiran.com\/en\/wp-json\/wp\/v2\/media?parent=7184"}],"curies":[{"name":"wp","href":"https:\/\/api.w.org\/{rel}","templated":true}]}}