{"id":7190,"date":"2020-12-19T09:52:58","date_gmt":"2020-12-19T09:52:58","guid":{"rendered":"http:\/\/alpertaskaldiran.com\/?page_id=7190"},"modified":"2021-02-02T19:05:52","modified_gmt":"2021-02-02T19:05:52","slug":"zirkonyum-kaplama","status":"publish","type":"page","link":"https:\/\/alpertaskaldiran.com\/en\/zirkonyum-kaplama\/","title":{"rendered":"Zirconium Coating"},"content":{"rendered":"<p><img loading=\"lazy\" class=\"size-medium wp-image-7258 alignleft\" src=\"http:\/\/alpertaskaldiran.com\/wp-content\/uploads\/2021\/02\/a1344.png-300x162.jpeg\" alt=\"\" width=\"300\" height=\"162\" srcset=\"https:\/\/alpertaskaldiran.com\/wp-content\/uploads\/2021\/02\/a1344.png-300x162.jpeg 300w, https:\/\/alpertaskaldiran.com\/wp-content\/uploads\/2021\/02\/a1344.png-1024x553.jpeg 1024w, https:\/\/alpertaskaldiran.com\/wp-content\/uploads\/2021\/02\/a1344.png-768x415.jpeg 768w, https:\/\/alpertaskaldiran.com\/wp-content\/uploads\/2021\/02\/a1344.png-340x184.jpeg 340w, https:\/\/alpertaskaldiran.com\/wp-content\/uploads\/2021\/02\/a1344.png-600x324.jpeg 600w, https:\/\/alpertaskaldiran.com\/wp-content\/uploads\/2021\/02\/a1344.png-125x67.jpeg 125w, https:\/\/alpertaskaldiran.com\/wp-content\/uploads\/2021\/02\/a1344.png.jpeg 1482w\" sizes=\"(max-width: 300px) 100vw, 300px\" \/>Zirconium Coating is an effective, white colored alloy used in dental prostheses and it is a highly preferred application in dental treatments today. Zirconium Coating, which is preferred due to its aesthetic and functional aspects, is performed in the same way as classical dental coatings, but its positive effects last much longer.\u2028<\/p>\r\n\r\n\r\n\r\n<p>Today, there is more than one dental coating. These classical coatings include metal support in them. Zirconium coating does not contain metal support as a component. For this reason, it does not cause any possible allergies in the person, it does not cause bad odor in the mouth in the following years, and it does not cause any change of taste in the mouth.\u00a0<\/p>\r\n\r\n\r\n\r\n<p>Zirconium Coatings, which are frequently used in smile design applications, are highly safe and useful. The most important feature of zirconium coating that distinguishes it from other dental coatings is that there is no metal support in it, thus light transmittance of the coating is higher. Therefore, a zirconium coated tooth can be in a color that cannot be distinguished from other teeth of the person, and a natural appearance can be obtained. Zirconium coatings can be conveniently used for coating of the front teeth, if needed, due to their light transmittance characteristics.\u00a0<\/p>\r\n\r\n\r\n\r\n<p>Zirconium coatings are long-lasting and do not cause any gum problems in the following years after the application since they are fully compatible with the mouth not only in terms of color but also their structure.\u00a0<\/p>\r\n\r\n\r\n\r\n<p>The application of zirconium coatings is similar to application of classical coatings. The mouth and tooth sizes of the patient are determined before the application since Zirconium Coating is a custom-made procedure. The teeth of the patient to be treated are reduced in size and cut for this coating, if necessary. However, since the whole procedure is performed under local anesthesia, the patient does not feel much and the process proceeds very comfortably. Zirconium coatings prepared according to the determined sizes can be easily applied in a clinical environment.<\/p>","protected":false},"excerpt":{"rendered":"<p>Di\u015f protezlerinde kullan\u0131lan etkin, beyaz i\u00e7erikli bir ala\u015f\u0131m olan Zirkonyum Kaplama, g\u00fcn\u00fcm\u00fczde di\u015f tedavilerinde olduk\u00e7a tercih edilen bir uygulamad\u0131r. Gerek estetik gerekse fonksiyonel yanlar\u0131 nedeni ile tercih edilen Zirkonyum Kaplama, klasik di\u015f kaplamalar\u0131 gibi yap\u0131lmakla birlikte olumlu etkileri \u00e7ok daha uzun solukludur. G\u00fcn\u00fcm\u00fczde birden \u00e7ok di\u015f kaplamas\u0131 bulunmaktad\u0131r. Bu klasik kaplamalar i\u00e7erisinde metal destek bulundurmaktad\u0131r. Zirkonyum kaplama ise bile\u015fen olarak i\u00e7erisinde metal destek bulundurmaz. Bu nedenle de ki\u015fide herhangi bir olas\u0131 alerjiye sebebiyet vermez, ileriki y\u0131llarda a\u011f\u0131zda k\u00f6t\u00fc kokuya neden olmaz dahas\u0131 a\u011f\u0131zda herhangi bir tat de\u011fi\u015fikli\u011fi yaratmaz.\u00a0 \u00d6zellikle g\u00fcl\u00fc\u015f tasar\u0131m\u0131 uygulamalar\u0131nda s\u0131kl\u0131kla ba\u015fvurulan Zirkonyum Kaplamalar, olduk\u00e7a g\u00fcvenli ve kullan\u0131\u015fl\u0131d\u0131r. Di\u011fer di\u015f kaplamalar\u0131ndan ayr\u0131lan en b\u00fcy\u00fck \u00f6zelli\u011fi i\u00e7erisinde metal destek bulunmamas\u0131d\u0131r ki bu da kaplaman\u0131n \u0131\u015f\u0131k ge\u00e7irgenli\u011fini art\u0131rmaktad\u0131r. B\u00f6ylelikle Zirkonyum kaplama yap\u0131lan bir di\u015f, ki\u015finin di\u011fer di\u015flerinden ay\u0131rt edilemeyecek bir renkte olabilmekte, yap\u0131lan i\u015flemde do\u011fal g\u00f6r\u00fcn\u00fcm elde edilebilmektedir. Zirkonyum kaplamalar bu \u0131\u015f\u0131k ge\u00e7irgenli\u011fi \u00f6zellikleri nedeni ile ihtiya\u00e7 halinde \u00f6n di\u015flerin [&hellip;]<\/p>","protected":false},"author":1,"featured_media":0,"parent":0,"menu_order":0,"comment_status":"closed","ping_status":"closed","template":"","meta":[],"_links":{"self":[{"href":"https:\/\/alpertaskaldiran.com\/en\/wp-json\/wp\/v2\/pages\/7190"}],"collection":[{"href":"https:\/\/alpertaskaldiran.com\/en\/wp-json\/wp\/v2\/pages"}],"about":[{"href":"https:\/\/alpertaskaldiran.com\/en\/wp-json\/wp\/v2\/types\/page"}],"author":[{"embeddable":true,"href":"https:\/\/alpertaskaldiran.com\/en\/wp-json\/wp\/v2\/users\/1"}],"replies":[{"embeddable":true,"href":"https:\/\/alpertaskaldiran.com\/en\/wp-json\/wp\/v2\/comments?post=7190"}],"version-history":[{"count":2,"href":"https:\/\/alpertaskaldiran.com\/en\/wp-json\/wp\/v2\/pages\/7190\/revisions"}],"predecessor-version":[{"id":7260,"href":"https:\/\/alpertaskaldiran.com\/en\/wp-json\/wp\/v2\/pages\/7190\/revisions\/7260"}],"wp:attachment":[{"href":"https:\/\/alpertaskaldiran.com\/en\/wp-json\/wp\/v2\/media?parent=7190"}],"curies":[{"name":"wp","href":"https:\/\/api.w.org\/{rel}","templated":true}]}}